{"id":13,"date":"2026-01-30T16:59:05","date_gmt":"2026-01-30T21:59:05","guid":{"rendered":"https:\/\/confiemx.com\/es\/?page_id=13"},"modified":"2026-02-05T17:17:33","modified_gmt":"2026-02-05T22:17:33","slug":"nosotros","status":"publish","type":"page","link":"https:\/\/confiemx.com\/es\/nosotros\/","title":{"rendered":"Nosotros"},"content":{"rendered":"<div class=\"c-hero-simple\" id=\"hero-simple-block_8f7ae11559c1e56bfdda4762c6be3507\">\r\n    <div class=\"o-wrapper\">\r\n        <div class=\"c-hero-simple__content\">\r\n                        <h1 class=\"c-hero-simple__title\">Nosotros<\/h1>\r\n                                <\/div>\r\n        <picture class=\"c-hero-simple__picture\">\r\n            <source media=\"(min-width: 700px)\" srcset=\"https:\/\/confiemx.com\/es\/wp-content\/uploads\/2026\/02\/ABOUT-US-Header-1-1.webp 1x, https:\/\/confiemx.com\/es\/wp-content\/uploads\/2026\/02\/ABOUT-US-Header-1-1.webp 2x\" type=\"image\/webp\">\r\n            <img loading=\"lazy\" decoding=\"async\" class=\"c-hero-simple__img\" src=\"https:\/\/confiemx.com\/es\/wp-content\/uploads\/2026\/02\/2.ABOUT-US-Header-mobile-1.webp\" alt=\"\" srcset=\"https:\/\/confiemx.com\/es\/wp-content\/uploads\/2026\/02\/2.ABOUT-US-Header-mobile-1.webp 1x, https:\/\/confiemx.com\/es\/wp-content\/uploads\/2026\/02\/2.ABOUT-US-Header-mobile-1.webp 2x\" width=\"360\" height=\"150\">\r\n        <\/picture>\r\n    <\/div>\r\n<\/div>\r\n\r\n\n\n\r\n        <div class=\"c-page-breadcrumb\" aria-label=\"Your location in the site\" role=\"navigation\">\r\n            <div class=\"o-wrapper\">\r\n            <ol class=\"o-list-bare c-page-breadcrumb__list\">\r\n                    <li class=\"o-list-bare__item c-page-breadcrumb__item\">\r\n        \r\n        \r\n        \r\n        <a href=\"https:\/\/confiemx.com\/es\/\" class=\"c-page-breadcrumb__link\" >Home<\/a>  <span class=\"o-icon c-page-breadcrumb__separator\"><svg aria-hidden=\"true\" focusable=\"false\" role=\"img\"><use href=\"https:\/\/confiemx.com\/es\/wp-content\/themes\/confie\/assets\/html\/images\/icons\/icons.svg#icon-chevron-right\"><\/use><\/svg><\/span> <li class=\"o-list-bare__item c-page-breadcrumb__item\"><a class=\"c-page-breadcrumb__link c-page-breadcrumb__link--current c-button-line-hover\" href=\"#\" aria-current=\"page\">P\u00e1gina<\/a><\/ol>\r\n        <\/div>\r\n    <\/div>\n\n<div class=\"c-section \" id=\"general-mc-block_a023edb67e29ae3b81a5272ccae00dcb\">\r\n    <div class=\"o-wrapper o-wrapper--small\">\r\n                    <h2 class=\"c-section__title\">Qui\u00e9nes somos<\/h2>\r\n                            <div class=\"c-section__content\">\r\n                <div class=\"s-cms-content\"> \r\n                                                                                                                        <p>Estamos ubicados en el <strong>vibrante distrito financiero<\/strong> de Tijuana. Nos especializamos en la generaci\u00f3n de leads, servicios de soporte t\u00e9cnico y amplias soluciones de negocio para otras empresas. Nuestro centro de servicios compartidos es de <strong>\u00faltima generaci\u00f3n<\/strong> y es mejor conocido como Seguros Confie.<\/p>\n                                                                                                                            <h3 class=\"c-underline c-underline--green\"><strong>Nuestra mayor fortaleza es nuestro talentoso e innovador personal.<\/strong><\/h3>\r\n                                                                                                                            <p>Esto se debe a que cada uno de nuestros embajadores entiende a la perfecci\u00f3n nuestra propuesta de valor. Esta propuesta es muy sencilla: nos comprometemos a ayudar a cada empleado a crecer junto con la empresa y tambi\u00e9n proporcionamos los recursos necesarios para que puedas dar <strong>pasos de gigante<\/strong>.<\/p>\n<p>Nuestro call center fue construido por nuestra empresa matriz Confie, que es el proveedor independiente l\u00edder en Am\u00e9rica de l\u00edneas personales de seguros. Para obtener m\u00e1s informaci\u00f3n, visita nuestro sitio web.<\/p>\n                                                                       \r\n                                                        <div class=\"c-button__wrapper\">\r\n                                <a class=\"c-button c-button--white\" href=\"https:\/\/confiemx.com\/es\/\" target=\"_blank\">Ir a Confie<\/a>\r\n                            <\/div>\r\n                                                                                                                            <picture >\r\n                                <source media=\"(min-width: 700px)\" srcset=\"https:\/\/confiemx.com\/es\/wp-content\/uploads\/2026\/02\/ABOUT-US.webp 1x, https:\/\/confiemx.com\/es\/wp-content\/uploads\/2026\/02\/ABOUT-US.webp 2x\" type=\"image\/webp\">\r\n                                <img decoding=\"async\" loading=\"lazy\" src=\"https:\/\/confiemx.com\/es\/wp-content\/uploads\/2026\/02\/ABOUT-US.webp\" alt=\"\" srcset=\"https:\/\/confiemx.com\/es\/wp-content\/uploads\/2026\/02\/ABOUT-US.webp 1x, https:\/\/confiemx.com\/es\/wp-content\/uploads\/2026\/02\/ABOUT-US.webp 2x\" width=\"320\" height=\"165\">\r\n                            <\/picture>  \r\n                                                                                                                            <p>Seguros Confie es reconocido como el <strong>mejor call center<\/strong> de Tijuana, pero no nos detenemos ah\u00ed. Nuestro plan es contratar a los trabajadores locales m\u00e1s talentosos y motivados y proporcionarles la capacitaci\u00f3n y otros recursos que necesitan para alcanzar todas sus <strong>metas profesionales<\/strong>.<\/p>\n                                                                            <\/div>\r\n                            <\/div>\r\n            <\/div>\r\n<\/div>\n\n<div class=\"c-section c-section--bg-ghost-white\">\r\n    <div class=\"o-wrapper\">\r\n        <div class=\"c-section__content\">\r\n            <div class=\"c-blockquote\">\r\n                <div class=\"c-blockquote__text\">\r\n                    <p>Queremos ser la fuente m\u00e1s confiable de soluciones de seguros para que nuestros clientes tengan tranquilidad.<\/p>\r\n                <\/div>\r\n                <div class=\"c-blockquote-author\">\r\n                                                            <img loading=\"lazy\" decoding=\"async\" class=\"c-blockquote-author__signature\" src=\"https:\/\/confiemx.com\/es\/wp-content\/uploads\/2026\/02\/cesar-soriano-signature.svg\" alt=\"\" width=\"236\" height=\"43\">\r\n                    <div class=\"c-blockquote-author__title\">CEO<\/div>\r\n                    <picture class=\"c-blockquote-author__picture \">\r\n                                            <source media=\"(min-width: 700px)\" srcset=\"https:\/\/confiemx.com\/es\/wp-content\/uploads\/2026\/02\/cesar-soriano.webp, https:\/\/confiemx.com\/es\/wp-content\/uploads\/2026\/02\/cesar-soriano.webp 2x\" type=\"image\/webp\">\r\n                        <img decoding=\"async\" loading=\"lazy\" src=\"https:\/\/confiemx.com\/es\/wp-content\/uploads\/2026\/02\/cesar-soriano.webp\" srcset=\"https:\/\/confiemx.com\/es\/wp-content\/uploads\/2026\/02\/cesar-soriano.webp 1x, https:\/\/confiemx.com\/es\/wp-content\/uploads\/2026\/02\/cesar-soriano.webp 2x\" alt=\"\" width=\"173\" height=\"173\">\r\n                    <\/picture>\r\n                <\/div>\r\n            <\/div>\r\n        <\/div>\r\n    <\/div>\r\n<\/div>\n\n<div class=\"c-section\">\r\n    <div class=\"o-wrapper\">\r\n                <h2 class=\"c-section__title\">Propuesta de valor para nuestros embajadores<\/h2>\r\n                <div class=\"c-section__content\">\r\n            <div class=\"c-media-block c-media-block--right\">\r\n                <div class=\"c-media-block__content\">\r\n                    <div class=\"c-media-block-header\">\r\n                                                                                <img decoding=\"async\" class=\"c-media-block-header__icon\" loading=\"lazy\" src=\"https:\/\/confiemx.com\/es\/wp-content\/uploads\/2026\/02\/icon-grow-together.svg\" alt=\"\" aria-hidden=\"true\" width=\"48\" height=\"48\">\r\n                                                <div class=\"c-media-block-header__content\">\r\n                                                                                                                       \r\n                                    <h3 class=\"c-media-block-header__title c-media-block-header__title--blue\">Crezcamos juntos<\/h3>\r\n                                 \r\n                                                    <\/div>\r\n                    <\/div>\r\n                    <div class=\"s-cms-content\">\r\n                                                                                                                                                                                <p>Nuestros valores son sencillos: Cuando nuestros empleados ganan, \u00a1toda la empresa gana! Por eso ofrecemos una incre\u00edble variedad de <strong>capacitaci\u00f3n y oportunidades<\/strong> a nuestros embajadores. Cuando ayudamos a nuestros empleados a <strong>hacer realidad sus sue\u00f1os<\/strong>, fortalecemos a toda la empresa, empleado por empleado.<\/p>\n                                                                                                        <\/div>\r\n                                    <\/div>\r\n                <div class=\"c-media-block__media\">\r\n                                                                    <picture class=\"c-media-block__picture\">\r\n                            <source media=\"(min-width: 700px)\" srcset=\"https:\/\/confiemx.com\/es\/wp-content\/uploads\/2026\/02\/ABOUT-US-A1.webp 1x, https:\/\/confiemx.com\/es\/wp-content\/uploads\/2026\/02\/ABOUT-US-A1.webp 2x\" type=\"image\/webp\">\r\n                            <img decoding=\"async\" class=\"c-media-block__img\" loading=\"lazy\" src=\"https:\/\/confiemx.com\/es\/wp-content\/uploads\/2026\/02\/ABOUT-US-A1.webp\" alt=\"\" srcset=\"https:\/\/confiemx.com\/es\/wp-content\/uploads\/2026\/02\/ABOUT-US-A1.webp 1x, https:\/\/confiemx.com\/es\/wp-content\/uploads\/2026\/02\/ABOUT-US-A1.webp 2x\" width=\"320\" height=\"215\">\r\n                        <\/picture>\r\n                                    <\/div>\r\n            <\/div>\r\n        <\/div>\r\n    <\/div>\r\n<\/div>\n\n<div class=\"c-section\">\r\n    <div class=\"o-wrapper\">\r\n                <div class=\"c-section__content\">\r\n            <div class=\"c-media-block c-media-block--left\">\r\n                <div class=\"c-media-block__content\">\r\n                    <div class=\"c-media-block-header\">\r\n                                                                                <img decoding=\"async\" class=\"c-media-block-header__icon\" loading=\"lazy\" src=\"https:\/\/confiemx.com\/es\/wp-content\/uploads\/2026\/02\/icon-thunder.svg\" alt=\"\" aria-hidden=\"true\" width=\"48\" height=\"48\">\r\n                                                <div class=\"c-media-block-header__content\">\r\n                                                                                                                       \r\n                                    <h3 class=\"c-media-block-header__title c-media-block-header__title--orange\">Haz un movimiento de poder<\/h3>\r\n                                 \r\n                                                    <\/div>\r\n                    <\/div>\r\n                    <div class=\"s-cms-content\">\r\n                                                                                                                                                                                <p>Muchos empleados sue\u00f1an con hacer \u00abmovimientos de dinero\u00bb para triunfar. Pero nosotros creemos en ayudarte a hacer un \u00ab<strong>movimiento de poder<\/strong>\u00ab. Te proporcionamos las herramientas y habilidades necesarias para hacer crecer tu <strong>exitosa carrera<\/strong> en nuestra empresa, en una forma novedosa, interesante y emocionante.<\/p>\n                                                                                                        <\/div>\r\n                                    <\/div>\r\n                <div class=\"c-media-block__media\">\r\n                                                                    <picture class=\"c-media-block__picture\">\r\n                            <source media=\"(min-width: 700px)\" srcset=\"https:\/\/confiemx.com\/es\/wp-content\/uploads\/2026\/02\/ABOUT-US-B1.webp 1x, https:\/\/confiemx.com\/es\/wp-content\/uploads\/2026\/02\/ABOUT-US-B1.webp 2x\" type=\"image\/webp\">\r\n                            <img decoding=\"async\" class=\"c-media-block__img\" loading=\"lazy\" src=\"https:\/\/confiemx.com\/es\/wp-content\/uploads\/2026\/02\/ABOUT-US-B1.webp\" alt=\"\" srcset=\"https:\/\/confiemx.com\/es\/wp-content\/uploads\/2026\/02\/ABOUT-US-B1.webp 1x, https:\/\/confiemx.com\/es\/wp-content\/uploads\/2026\/02\/ABOUT-US-B1.webp 2x\" width=\"320\" height=\"215\">\r\n                        <\/picture>\r\n                                    <\/div>\r\n            <\/div>\r\n        <\/div>\r\n    <\/div>\r\n<\/div>\n\n<div class=\"c-section\">\r\n    <div class=\"o-wrapper\">\r\n                <div class=\"c-section__content\">\r\n            <div class=\"c-media-block c-media-block--right\">\r\n                <div class=\"c-media-block__content\">\r\n                    <div class=\"c-media-block-header\">\r\n                                                                                <img decoding=\"async\" class=\"c-media-block-header__icon\" loading=\"lazy\" src=\"https:\/\/confiemx.com\/es\/wp-content\/uploads\/2026\/02\/icon-we_care.svg\" alt=\"\" aria-hidden=\"true\" width=\"48\" height=\"48\">\r\n                                                <div class=\"c-media-block-header__content\">\r\n                                                                                                                       \r\n                                    <h3 class=\"c-media-block-header__title c-media-block-header__title--green\">Nos preocupamos por ti<\/h3>\r\n                                 \r\n                                                    <\/div>\r\n                    <\/div>\r\n                    <div class=\"s-cms-content\">\r\n                                                                                                                                                                                <p>Esperamos que los embajadores se preocupen profundamente por su rendimiento laboral. Y a su vez, <strong>nos preocupamos<\/strong> por cada uno de ellos y fomentamos un entorno de gran apoyo en el que puedes desarrollar grandes habilidades y alcanzar <strong>todo tu potencial<\/strong>. Si sabes ingl\u00e9s y est\u00e1s preparado para so\u00f1ar en grande, \u00a1nosotros estamos preparados para <strong>hacer realidad tus sue\u00f1os<\/strong>!<\/p>\n                                                                                                        <\/div>\r\n                                    <\/div>\r\n                <div class=\"c-media-block__media\">\r\n                                                                    <picture class=\"c-media-block__picture\">\r\n                            <source media=\"(min-width: 700px)\" srcset=\"https:\/\/confiemx.com\/es\/wp-content\/uploads\/2026\/02\/ABOUT-US-B2.webp 1x, https:\/\/confiemx.com\/es\/wp-content\/uploads\/2026\/02\/ABOUT-US-B2.webp 2x\" type=\"image\/webp\">\r\n                            <img decoding=\"async\" class=\"c-media-block__img\" loading=\"lazy\" src=\"https:\/\/confiemx.com\/es\/wp-content\/uploads\/2026\/02\/ABOUT-US-B2.webp\" alt=\"\" srcset=\"https:\/\/confiemx.com\/es\/wp-content\/uploads\/2026\/02\/ABOUT-US-B2.webp 1x, https:\/\/confiemx.com\/es\/wp-content\/uploads\/2026\/02\/ABOUT-US-B2.webp 2x\" width=\"320\" height=\"215\">\r\n                        <\/picture>\r\n                                    <\/div>\r\n            <\/div>\r\n        <\/div>\r\n    <\/div>\r\n<\/div>\n\n<div class=\"c-section\">\r\n    <div class=\"o-wrapper o-wrapper--small\">\r\n        <div class=\"c-section__content\">\r\n            <div class=\"c-cta c-cta--green\">\r\n                <div class=\"c-cta__content\">\r\n                    <h2 class=\"c-cta__title c-underline c-underline--blue\">\u00bfEst\u00e1s listo para unirte a nuestro equipo?<\/h2>\r\n                                    <\/div>\r\n                                <div class=\"c-cta__button\">\r\n                    <a class=\"c-button c-button--orange\" href=\"https:\/\/www.confiemx.com\/work-with-us\/\">Aplica ahora<\/a>\r\n                <\/div>\r\n            <\/div>\r\n        <\/div>\r\n    <\/div>\r\n<\/div>\n\n<div class=\"c-section c-section--bg-coral\">\r\n    <div class=\"o-wrapper o-wrapper--small\">\r\n        <div class=\"c-section__content\">\r\n            <div class=\"c-media-block c-media-block--right c-media-block--badge\">\r\n                <div class=\"c-media-block__content\">\r\n                    <div class=\"c-media-block-header\">\r\n                        <div class=\"c-media-block-header__content\">\r\n                            <h3 class=\"c-media-block-header__title c-media-block-header__title--coral\">El mejor Call Center de Tijuana<\/h3>\r\n                        <\/div>\r\n                    <\/div>\r\n                    <div class=\"s-cms-content\">\r\n                        <p>Cuando se trata de call centers, quiz\u00e1s has trabajado para los dem\u00e1s. \u00bfPero por qu\u00e9 no formar parte del mejor? \u00a1En el 2021, fuimos elegidos como <strong>el mejor call center<\/strong> para trabajar en Tijuana! Ofrecemos beneficios incre\u00edbles, un gran ambiente y estabilidad laboral\u2026 \u00a1Somos el trabajo de tus sue\u00f1os y te estamos esperando!<\/p>\n                    <\/div>\r\n                <\/div>\r\n                <div class=\"c-media-block__media\">\r\n                    <picture class=\"c-media-block__picture\">\r\n                                                <img decoding=\"async\" class=\"c-media-block__img\" loading=\"lazy\" src=\"https:\/\/confiemx.com\/es\/wp-content\/uploads\/2026\/02\/Best-Call-Center-Logo-01.jpg\" alt=\"\" width=\"220\" height=\"220\">\r\n                    <\/picture>\r\n                <\/div>\r\n            <\/div>\r\n        <\/div>\r\n    <\/div>\r\n<\/div>","protected":false},"excerpt":{"rendered":"","protected":false},"author":3,"featured_media":0,"parent":0,"menu_order":0,"comment_status":"closed","ping_status":"closed","template":"","meta":{"inline_featured_image":false,"footnotes":""},"class_list":["post-13","page","type-page","status-publish","hentry"],"acf":[],"_links":{"self":[{"href":"https:\/\/confiemx.com\/es\/wp-json\/wp\/v2\/pages\/13","targetHints":{"allow":["GET"]}}],"collection":[{"href":"https:\/\/confiemx.com\/es\/wp-json\/wp\/v2\/pages"}],"about":[{"href":"https:\/\/confiemx.com\/es\/wp-json\/wp\/v2\/types\/page"}],"author":[{"embeddable":true,"href":"https:\/\/confiemx.com\/es\/wp-json\/wp\/v2\/users\/3"}],"replies":[{"embeddable":true,"href":"https:\/\/confiemx.com\/es\/wp-json\/wp\/v2\/comments?post=13"}],"version-history":[{"count":22,"href":"https:\/\/confiemx.com\/es\/wp-json\/wp\/v2\/pages\/13\/revisions"}],"predecessor-version":[{"id":277,"href":"https:\/\/confiemx.com\/es\/wp-json\/wp\/v2\/pages\/13\/revisions\/277"}],"wp:attachment":[{"href":"https:\/\/confiemx.com\/es\/wp-json\/wp\/v2\/media?parent=13"}],"curies":[{"name":"wp","href":"https:\/\/api.w.org\/{rel}","templated":true}]}}