{"id":50,"date":"2026-02-02T10:15:24","date_gmt":"2026-02-02T15:15:24","guid":{"rendered":"https:\/\/confiemx.com\/es\/?page_id=50"},"modified":"2026-03-25T12:49:44","modified_gmt":"2026-03-25T17:49:44","slug":"contactanos","status":"publish","type":"page","link":"https:\/\/confiemx.com\/es\/contactanos\/","title":{"rendered":"Cont\u00e1ctanos"},"content":{"rendered":"<div class=\"c-hero-simple\" id=\"hero-simple-block_aa3069ba0255fe6903bfdd8cc53fea82\">\r\n    <div class=\"o-wrapper\">\r\n        <div class=\"c-hero-simple__content\">\r\n                        <h1 class=\"c-hero-simple__title\">Call Center Tijuana<\/h1>\r\n                                    <div class=\"c-hero-simple__text\">\r\n                <p>Work With Us<\/p>\r\n            <\/div>\r\n                    <\/div>\r\n        <picture class=\"c-hero-simple__picture\">\r\n            <source media=\"(min-width: 700px)\" srcset=\"https:\/\/confiemx.com\/es\/wp-content\/uploads\/2026\/03\/8.CONTACT-US-HEADER1.png 1x, https:\/\/confiemx.com\/es\/wp-content\/uploads\/2026\/03\/8.CONTACT-US-HEADER1@2x-scaled.png 2x\" type=\"image\/webp\">\r\n            <img loading=\"lazy\" decoding=\"async\" class=\"c-hero-simple__img\" src=\"https:\/\/confiemx.com\/es\/wp-content\/uploads\/2026\/03\/8.CONTACT-US-HEADER-mobile.png\" alt=\"\" srcset=\"https:\/\/confiemx.com\/es\/wp-content\/uploads\/2026\/03\/8.CONTACT-US-HEADER-mobile.png 1x, https:\/\/confiemx.com\/es\/wp-content\/uploads\/2026\/03\/8.CONTACT-US-HEADER-mobile.png 2x\" width=\"360\" height=\"150\">\r\n        <\/picture>\r\n    <\/div>\r\n<\/div>\r\n\r\n\n\n\r\n        <div class=\"c-page-breadcrumb\" aria-label=\"Your location in the site\" role=\"navigation\">\r\n            <div class=\"o-wrapper\">\r\n            <ol class=\"o-list-bare c-page-breadcrumb__list\">\r\n                    <li class=\"o-list-bare__item c-page-breadcrumb__item\">\r\n        \r\n        \r\n        \r\n        <a href=\"https:\/\/confiemx.com\/es\/\" class=\"c-page-breadcrumb__link\" >Home<\/a>  <span class=\"o-icon c-page-breadcrumb__separator\"><svg aria-hidden=\"true\" focusable=\"false\" role=\"img\"><use href=\"https:\/\/confiemx.com\/es\/wp-content\/themes\/confie\/assets\/html\/images\/icons\/icons.svg#icon-chevron-right\"><\/use><\/svg><\/span> <li class=\"o-list-bare__item c-page-breadcrumb__item\"><a class=\"c-page-breadcrumb__link c-page-breadcrumb__link--current c-button-line-hover\" href=\"#\" aria-current=\"page\">P\u00e1gina<\/a><\/ol>\r\n        <\/div>\r\n    <\/div>\n\n<div class=\"c-section c-section--no-padding-bottom\" id=\"general-mc-block_5981f6cfed58f9fee758866970d50bab\">\r\n    <div class=\"o-wrapper o-wrapper--small\">\r\n                    <h2 class=\"c-section__title\">Estamos aqu\u00ed para ayudar<\/h2>\r\n                            <div class=\"c-section__content\">\r\n                <div class=\"s-cms-content\"> \r\n                                                                                                                        <p style=\"text-align: center\">Si sabes ingl\u00e9s y est\u00e1s listo para descubrir lo que Seguros Conf\u00ede puede hacer por ti, \u00a1<strong>estamos listos para escucharte<\/strong>!<\/p>\n<p style=\"text-align: center\">Entendemos que los mejores empleados merecen los mejores empleadores. No esperes ni un minuto m\u00e1s. Ponte en <strong>contacto con nosotros hoy mismo<\/strong>.<\/p>\n                                                                            <\/div>\r\n                            <\/div>\r\n            <\/div>\r\n<\/div>\n\n<div class=\"c-section\">\r\n    <div class=\"o-wrapper\">\r\n        <div class=\"c-section__content\">\r\n                        <div class=\"c-media-block c-media-block--left\">\r\n                <div class=\"c-media-block__content\">\r\n                    <div class=\"c-media-block-header\">\r\n                        <div class=\"c-media-block-header__content\">\r\n                            <h3 class=\"c-media-block-header__title\">Oficinas centrales<\/h3>\r\n                        <\/div>\r\n                    <\/div>\r\n                    <div class=\"s-cms-content\">\r\n                        <p>Blvd. S\u00e1nchez Taboada #9589 Int 201, Zona Urbana R\u00edo Tijuana, Baja California 22010<\/p>\n                    <\/div>\r\n                    <div class=\"c-contact-list\">\r\n                        <ul class=\"o-list-bare c-contact-list__list\">\r\n                                                                                            <li class=\"o-list-bare__iteam c-contact-list__item\">\r\n                                    <span class=\"o-icon c-contact-list__icon\"><svg focusable=\"false\" role=\"img\">\r\n                                            <title>800-607-0017<\/title><use href=\"https:\/\/confiemx.com\/es\/wp-content\/themes\/confie\/assets\/html\/images\/icons\/icons.svg#icon-phone\"><\/use>\r\n                                        <\/svg><\/span>\r\n                                                                        <a class=\"c-contact-list__link\" target=\"_self\" href=\"tel:800-607-0017\">800 6070017<\/a>\r\n                                <\/li>\r\n                                                                                        \r\n                        <\/ul>\r\n                    <\/div>\r\n                <\/div>\r\n                <div class=\"c-media-block__media\">\r\n                    <picture class=\"c-media-block__picture\">\r\n                                                                            <source media=\"(min-width: 700px)\" srcset=\"https:\/\/confiemx.com\/es\/wp-content\/uploads\/2026\/03\/8.CONTACT-US-A1.webp 1x, https:\/\/confiemx.com\/es\/wp-content\/uploads\/2026\/03\/8.CONTACT-US-A1.webp 2x\" type=\"image\/webp\">\r\n                            <img decoding=\"async\" class=\"c-media-block__img\" loading=\"lazy\" src=\"https:\/\/confiemx.com\/es\/wp-content\/uploads\/2026\/03\/8.CONTACT-US-A1.webp\" alt=\"\" srcset=\"https:\/\/confiemx.com\/es\/wp-content\/uploads\/2026\/03\/8.CONTACT-US-A1.webp 1x, https:\/\/confiemx.com\/es\/wp-content\/uploads\/2026\/03\/8.CONTACT-US-A1.webp 2x\" width=\"320\" height=\"215\">\r\n                                            <\/picture>\r\n                <\/div>\r\n            <\/div>\r\n                    <\/div>\r\n    <\/div>\r\n<\/div>\n\n<div class=\"c-section\" id=\"email-list-block_9ad9908259bd62b8044b343fcc4dea6b\">\r\n    <div class=\"o-wrapper\">\r\n        <div class=\"c-section__content\">\r\n            <div class=\"c-contact-options\">\r\n                <h2 class=\"c-section__title c-contact-options__title\">Nos encantar\u00eda hablar contigo<\/h2>\r\n                <div class=\"c-contact-options__list\">\r\n                                                                        <div class=\"c-contact-options__item\">\r\n                                <h3 class=\"c-contact-options__option\">Outsourcing de Procesos de Negocio (BPO)<\/h3>\r\n                                <a class=\"c-contact-options__contact\" href=\"mailto:contact@confiebpo.com\">contact@confiebpo.com<\/a>\r\n                            <\/div>\r\n                                                    <div class=\"c-contact-options__item\">\r\n                                <h3 class=\"c-contact-options__option\">Vacantes<\/h3>\r\n                                <a class=\"c-contact-options__contact\" href=\"mailto:empleos@confie.com\">empleos@confie.com<\/a>\r\n                            <\/div>\r\n                                                    <div class=\"c-contact-options__item\">\r\n                                <h3 class=\"c-contact-options__option\">Recursos Humanos<\/h3>\r\n                                <a class=\"c-contact-options__contact\" href=\"mailto:rhtj@confie.com \">rhtj@confie.com <\/a>\r\n                            <\/div>\r\n                                                    <div class=\"c-contact-options__item\">\r\n                                <h3 class=\"c-contact-options__option\">Relaciones P\u00fablicas<\/h3>\r\n                                <a class=\"c-contact-options__contact\" href=\"mailto:comunicacion@confie.com \">comunicacion@confie.com <\/a>\r\n                            <\/div>\r\n                                                            <\/div>\r\n            <\/div>\r\n        <\/div>\r\n    <\/div>\r\n<\/div>\n\n<div class=\"c-section c-section--bg-ghost-white\" id=\"contact-form\">\r\n    <div class=\"o-wrapper o-wrapper--small\">\r\n        <h2 class=\"c-section__title c-section__title--blue\">How Can We Help You Today?<\/h2>\r\n        <div class=\"c-section__content\">\r\n            <form class=\"c-form js-form\" method=\"post\" action=\"https:\/\/confiemx.com\/es\/wp-admin\/admin-post.php\">\r\n                <input type=\"hidden\" name=\"recaptcha_response\" id=\"recaptchaResponse\">\r\n                <div class=\"c-form__item c-form__item--50\">\r\n                    <input class=\"c-form__input js-valid-first-name js-valid-letters\" type=\"text\" name=\"firstName\" data-message-required=\"Please enter your first name\" required aria-label=\"First Name\" placeholder=\"First Name\" maxlength=\"50\">\r\n                <\/div>\r\n                <div class=\"c-form__item c-form__item--50\">\r\n                    <input class=\"c-form__input js-valid-last-name js-valid-letters\" type=\"text\" name=\"lastName\" data-message-required=\"Please enter your last name\" required aria-label=\"Last Name\" placeholder=\"Last Name\" maxlength=\"50\">\r\n                <\/div>\r\n                <div class=\"c-form__item c-form__item--50\">\r\n                    <input class=\"c-form__input js-valid-email\" type=\"email\" name=\"email\" data-message-required=\"Please enter your email\" required aria-label=\"email\" placeholder=\"Email\" maxlength=\"120\">\r\n                <\/div>\r\n                <div class=\"c-form__item c-form__item--50\">\r\n                    <input class=\"c-form__input js-valid-phone-number js-only-phone\" type=\"tel\" name=\"phoneNumber\" data-message-required=\"Please enter your phone number\" required aria-label=\"Phone Number\" placeholder=\"Phone Number\" maxlength=\"12\">\r\n                <\/div>\r\n                <div class=\"c-form__item c-form__item--50\">\r\n                    <input class=\"c-form__input\" type=\"text\" name=\"companyName\" data-message-required=\"Please enter your company name\" required aria-label=\"Company Name\" placeholder=\"Company Name\" maxlength=\"150\">\r\n                <\/div>\r\n                <div class=\"c-form__item c-form__item--50\">\r\n                    <input class=\"c-form__input\" type=\"text\" name=\"title\" data-message-required=\"Please enter your title\" required aria-label=\"Title\" placeholder=\"Title\" maxlength=\"150\">\r\n                <\/div>\r\n                <div class=\"c-form__item c-form__item--50 c-form__item--break\">\r\n                    <select class=\"c-form__select\" name=\"contactReason\" data-message-required=\"Please select an option\" required aria-label=\"Why are you contacting us?\">\r\n                        <option value=\"\" selected=\"\" disabled=\"\">Why are you contacting us?<\/option>                \r\n                        <option value=\"Business Process\">Business Process<\/option>\r\n                        <option value=\"Outsourcing Solutions\">Outsourcing Solutions<\/option>\r\n                        <option value=\"Recruitment\/Job Positions\">Recruitment\/Job Positions<\/option>\r\n                        <option value=\"Media Contact\">Media Contact<\/option>\r\n                        <option value=\"HR Assistance\">HR Assistance<\/option>\r\n                        <option value=\"Others\">Others<\/option>\r\n                    <\/select>\r\n                <\/div>\r\n                <input type=\"hidden\" name=\"action\" value=\"contact_form\">\r\n                <div class=\"c-form__item\">\r\n                    <textarea class=\"c-form__textarea\" name=\"message\" data-message-required=\"Please enter how we can help you\" required aria-label=\"Tell us how we can help\" placeholder=\"Tell us how we can help\"><\/textarea>\r\n                <\/div>\r\n                <div class=\"c-form__controls\">\r\n                    <button class=\"c-button c-button--blue\" type=\"submit\">Send Message\r\n                        <img decoding=\"async\" class=\"c-button__loading\" src=\"https:\/\/confiemx.com\/es\/wp-content\/themes\/confie\/assets\/html\/images\/components\/form\/icon-loading.svg\" alt=\"Loading\">\r\n                    <\/button>\r\n                <\/div>\r\n            <\/form>\r\n        <\/div>\r\n    <\/div>\r\n<\/div>\r\n","protected":false},"excerpt":{"rendered":"","protected":false},"author":2,"featured_media":0,"parent":0,"menu_order":0,"comment_status":"closed","ping_status":"closed","template":"","meta":{"inline_featured_image":false,"footnotes":""},"class_list":["post-50","page","type-page","status-publish","hentry"],"acf":[],"_links":{"self":[{"href":"https:\/\/confiemx.com\/es\/wp-json\/wp\/v2\/pages\/50","targetHints":{"allow":["GET"]}}],"collection":[{"href":"https:\/\/confiemx.com\/es\/wp-json\/wp\/v2\/pages"}],"about":[{"href":"https:\/\/confiemx.com\/es\/wp-json\/wp\/v2\/types\/page"}],"author":[{"embeddable":true,"href":"https:\/\/confiemx.com\/es\/wp-json\/wp\/v2\/users\/2"}],"replies":[{"embeddable":true,"href":"https:\/\/confiemx.com\/es\/wp-json\/wp\/v2\/comments?post=50"}],"version-history":[{"count":6,"href":"https:\/\/confiemx.com\/es\/wp-json\/wp\/v2\/pages\/50\/revisions"}],"predecessor-version":[{"id":407,"href":"https:\/\/confiemx.com\/es\/wp-json\/wp\/v2\/pages\/50\/revisions\/407"}],"wp:attachment":[{"href":"https:\/\/confiemx.com\/es\/wp-json\/wp\/v2\/media?parent=50"}],"curies":[{"name":"wp","href":"https:\/\/api.w.org\/{rel}","templated":true}]}}