{"id":53,"date":"2026-02-02T10:27:16","date_gmt":"2026-02-02T15:27:16","guid":{"rendered":"https:\/\/confiemx.com\/es\/?page_id=53"},"modified":"2026-03-25T12:38:42","modified_gmt":"2026-03-25T17:38:42","slug":"impacto-en-la-comunidad","status":"publish","type":"page","link":"https:\/\/confiemx.com\/es\/por-que-nosotros\/impacto-en-la-comunidad\/","title":{"rendered":"Impacto en la comunidad"},"content":{"rendered":"<div class=\"c-hero-simple\" id=\"hero-simple-block_f5d7f8670485e29b792bcc878bdb7bb6\">\r\n    <div class=\"o-wrapper\">\r\n        <div class=\"c-hero-simple__content\">\r\n                        <h1 class=\"c-hero-simple__title\">Social Responsibility<\/h1>\r\n                                <\/div>\r\n        <picture class=\"c-hero-simple__picture\">\r\n            <source media=\"(min-width: 700px)\" srcset=\"https:\/\/confiemx.com\/es\/wp-content\/uploads\/2026\/03\/Banner2.blue-1.jpg 1x, https:\/\/confiemx.com\/es\/wp-content\/uploads\/2026\/03\/Banner2.blue-1@2x-scaled-1.jpg 2x\" type=\"image\/webp\">\r\n            <img loading=\"lazy\" decoding=\"async\" class=\"c-hero-simple__img\" src=\"https:\/\/confiemx.com\/es\/wp-content\/uploads\/2026\/03\/5.Community-Header-mobile.webp\" alt=\"\" srcset=\"https:\/\/confiemx.com\/es\/wp-content\/uploads\/2026\/03\/5.Community-Header-mobile.webp 1x, https:\/\/confiemx.com\/es\/wp-content\/uploads\/2026\/03\/5.Community-Header-mobile.webp 2x\" width=\"360\" height=\"150\">\r\n        <\/picture>\r\n    <\/div>\r\n<\/div>\r\n\r\n\n\n<div class=\"c-section \" id=\"general-mc-block_686a1d6e0683e538b1caea27a6a07693\">\r\n    <div class=\"o-wrapper o-wrapper--small\">\r\n                    <h2 class=\"c-section__title\">Somos socialmente responsables<\/h2>\r\n                            <div class=\"c-section__content\">\r\n                <div class=\"s-cms-content\"> \r\n                                                                                                                        <p style=\"text-align: center\">Nuestra misi\u00f3n es apoyar iniciativas que mejoren la vida, promuevan la seguridad y la protecci\u00f3n y devuelvan algo a nuestra comunidad. Entendemos que no ser\u00edamos nada sin una <strong>comunidad local incre\u00edble y solidaria<\/strong>. Por eso siempre nos complace retribuirles.<\/p>\n<p style=\"text-align: center\">Algunas de las formas en las que <strong>apoyamos a nuestra comunidad local <\/strong>es colaborando con organizaciones ben\u00e9ficas, ayudando en situaciones de crisis y sirviendo de mentores a los j\u00f3venes.<\/p>\n                                                                                                                            <h3 class=\"c-underline c-underline--green\"><strong>\u00a1Nos encanta poder retribuir algo positivo!<\/strong><\/h3>\r\n                                                                            <\/div>\r\n                            <\/div>\r\n            <\/div>\r\n<\/div>\n\n<div class=\"c-section\">\r\n    <div class=\"o-wrapper\">\r\n                            <div class=\"c-section__content\">\r\n                                            <div class=\"c-media-block c-media-block--left\">\r\n                    <div class=\"c-media-block__content\">\r\n                        <div class=\"c-media-block-header\">\r\n                                                        <div class=\"c-media-block-header__content\">\r\n                                                                                                    <h3 class=\"c-media-block-header__title c-media-block-header__title--blue\">Somos: Programa Donaciones<\/h3>\r\n                                                            <\/div>\r\n                        <\/div>\r\n                        <div class=\"s-cms-content\">\r\n                                                                                                                                                                            <p>El apoyo a las comunidades vulnerables que nos rodean es posible gracias al compromiso de nuestros colaboradores. Cada tres meses realizamos una donaci\u00f3n en especie a distintas organizaciones y asociaciones, con el prop\u00f3sito de fomentar una cultura socialmente responsable, tanto como empresa como equipo.<\/p>\n                                                                                                                        <\/div>\r\n                                            <\/div>\r\n                    <div class=\"c-media-block__media\">\r\n                                                                                <picture class=\"c-media-block__picture\">\r\n                                <source media=\"(min-width: 700px)\" srcset=\"https:\/\/confiemx.com\/es\/wp-content\/uploads\/2026\/03\/5.Community-A1.webp 1x, https:\/\/confiemx.com\/es\/wp-content\/uploads\/2026\/03\/5.Community-A1.webp 2x\" type=\"image\/webp\">\r\n                                <img decoding=\"async\" class=\"c-media-block__img\" loading=\"lazy\" src=\"https:\/\/confiemx.com\/es\/wp-content\/uploads\/2026\/03\/5.Community-A1.webp\" alt=\"\" srcset=\"https:\/\/confiemx.com\/es\/wp-content\/uploads\/2026\/03\/5.Community-A1.webp 1x, https:\/\/confiemx.com\/es\/wp-content\/uploads\/2026\/03\/5.Community-A1.webp 2x\" width=\"320\" height=\"215\">\r\n                            <\/picture>\r\n                                            <\/div>\r\n                <\/div>\r\n                                            <div class=\"c-media-block c-media-block--right\">\r\n                    <div class=\"c-media-block__content\">\r\n                        <div class=\"c-media-block-header\">\r\n                                                        <div class=\"c-media-block-header__content\">\r\n                                                                                                    <h3 class=\"c-media-block-header__title c-media-block-header__title--orange\">Somos ecol\u00f3gicos<\/h3>\r\n                                                            <\/div>\r\n                        <\/div>\r\n                        <div class=\"s-cms-content\">\r\n                                                                                                                                                                            <p>Cada peque\u00f1a acci\u00f3n genera grandes consecuencias. Por eso, brindamos a nuestros colaboradores informaci\u00f3n y espacios para reciclar papel, aluminio y pl\u00e1stico PET, adem\u00e1s de promover la adopci\u00f3n y cuidado de un \u00e1rea verde en nuestra ciudad.<\/p>\n                                                                                                                        <\/div>\r\n                                            <\/div>\r\n                    <div class=\"c-media-block__media\">\r\n                                                                                <picture class=\"c-media-block__picture\">\r\n                                <source media=\"(min-width: 700px)\" srcset=\"https:\/\/confiemx.com\/es\/wp-content\/uploads\/2026\/03\/5.Community-A2-1.jpg 1x, https:\/\/confiemx.com\/es\/wp-content\/uploads\/2026\/03\/5.Community-A2-1.jpg 2x\" type=\"image\/webp\">\r\n                                <img decoding=\"async\" class=\"c-media-block__img\" loading=\"lazy\" src=\"https:\/\/confiemx.com\/es\/wp-content\/uploads\/2026\/03\/5.Community-A2-1.jpg\" alt=\"\" srcset=\"https:\/\/confiemx.com\/es\/wp-content\/uploads\/2026\/03\/5.Community-A2-1.jpg 1x, https:\/\/confiemx.com\/es\/wp-content\/uploads\/2026\/03\/5.Community-A2-1.jpg 2x\" width=\"320\" height=\"215\">\r\n                            <\/picture>\r\n                                            <\/div>\r\n                <\/div>\r\n                                            <div class=\"c-media-block c-media-block--left\">\r\n                    <div class=\"c-media-block__content\">\r\n                        <div class=\"c-media-block-header\">\r\n                                                        <div class=\"c-media-block-header__content\">\r\n                                                                                                    <h3 class=\"c-media-block-header__title c-media-block-header__title--green\">Somos alianzas<\/h3>\r\n                                                            <\/div>\r\n                        <\/div>\r\n                        <div class=\"s-cms-content\">\r\n                                                                                                                                                                            <p>No estamos solos en esta misi\u00f3n; contamos con aliados con quienes compartimos diversas actividades de responsabilidad social.<\/p>\n                                                                                                                        <\/div>\r\n                                            <\/div>\r\n                    <div class=\"c-media-block__media\">\r\n                                                                                <picture class=\"c-media-block__picture\">\r\n                                <source media=\"(min-width: 700px)\" srcset=\"https:\/\/confiemx.com\/es\/wp-content\/uploads\/2026\/03\/5.Community-A3.webp 1x, https:\/\/confiemx.com\/es\/wp-content\/uploads\/2026\/03\/5.Community-A3.webp 2x\" type=\"image\/webp\">\r\n                                <img decoding=\"async\" class=\"c-media-block__img\" loading=\"lazy\" src=\"https:\/\/confiemx.com\/es\/wp-content\/uploads\/2026\/03\/5.Community-A3.webp\" alt=\"\" srcset=\"https:\/\/confiemx.com\/es\/wp-content\/uploads\/2026\/03\/5.Community-A3.webp 1x, https:\/\/confiemx.com\/es\/wp-content\/uploads\/2026\/03\/5.Community-A3.webp 2x\" width=\"320\" height=\"215\">\r\n                            <\/picture>\r\n                                            <\/div>\r\n                <\/div>\r\n                                            <div class=\"c-media-block c-media-block--right\">\r\n                    <div class=\"c-media-block__content\">\r\n                        <div class=\"c-media-block-header\">\r\n                                                        <div class=\"c-media-block-header__content\">\r\n                                                                                                    <h3 class=\"c-media-block-header__title c-media-block-header__title--blue-munsell\">Tu seguridad es nuestra principal prioridad<\/h3>\r\n                                                            <\/div>\r\n                        <\/div>\r\n                        <div class=\"s-cms-content\">\r\n                                                                                                                                                                            <p>En 2023 realizamos donaciones junto a los Xolos de Tijuana para el cuerpo de bomberos, un albergue para migrantes y personas en situaci\u00f3n de calle.<\/p>\n<p>\u00a1Nuestro compromiso con la comunidad y la creaci\u00f3n de alianzas es lo que nos impulsa a seguir adelante!<\/p>\n                                                                                                                        <\/div>\r\n                                            <\/div>\r\n                    <div class=\"c-media-block__media\">\r\n                                                                                <picture class=\"c-media-block__picture\">\r\n                                <source media=\"(min-width: 700px)\" srcset=\"https:\/\/confiemx.com\/es\/wp-content\/uploads\/2026\/03\/5.Community-A4.webp 1x, https:\/\/confiemx.com\/es\/wp-content\/uploads\/2026\/03\/5.Community-A4.webp 2x\" type=\"image\/webp\">\r\n                                <img decoding=\"async\" class=\"c-media-block__img\" loading=\"lazy\" src=\"https:\/\/confiemx.com\/es\/wp-content\/uploads\/2026\/03\/5.Community-A4.webp\" alt=\"\" srcset=\"https:\/\/confiemx.com\/es\/wp-content\/uploads\/2026\/03\/5.Community-A4.webp 1x, https:\/\/confiemx.com\/es\/wp-content\/uploads\/2026\/03\/5.Community-A4.webp 2x\" width=\"320\" height=\"215\">\r\n                            <\/picture>\r\n                                            <\/div>\r\n                <\/div>\r\n                        <\/div>\r\n        \r\n\r\n    <\/div>\r\n<\/div>\n\n\n<p><\/p>\n","protected":false},"excerpt":{"rendered":"","protected":false},"author":2,"featured_media":0,"parent":59,"menu_order":0,"comment_status":"closed","ping_status":"closed","template":"","meta":{"inline_featured_image":false,"footnotes":""},"class_list":["post-53","page","type-page","status-publish","hentry"],"acf":[],"_links":{"self":[{"href":"https:\/\/confiemx.com\/es\/wp-json\/wp\/v2\/pages\/53","targetHints":{"allow":["GET"]}}],"collection":[{"href":"https:\/\/confiemx.com\/es\/wp-json\/wp\/v2\/pages"}],"about":[{"href":"https:\/\/confiemx.com\/es\/wp-json\/wp\/v2\/types\/page"}],"author":[{"embeddable":true,"href":"https:\/\/confiemx.com\/es\/wp-json\/wp\/v2\/users\/2"}],"replies":[{"embeddable":true,"href":"https:\/\/confiemx.com\/es\/wp-json\/wp\/v2\/comments?post=53"}],"version-history":[{"count":7,"href":"https:\/\/confiemx.com\/es\/wp-json\/wp\/v2\/pages\/53\/revisions"}],"predecessor-version":[{"id":390,"href":"https:\/\/confiemx.com\/es\/wp-json\/wp\/v2\/pages\/53\/revisions\/390"}],"up":[{"embeddable":true,"href":"https:\/\/confiemx.com\/es\/wp-json\/wp\/v2\/pages\/59"}],"wp:attachment":[{"href":"https:\/\/confiemx.com\/es\/wp-json\/wp\/v2\/media?parent=53"}],"curies":[{"name":"wp","href":"https:\/\/api.w.org\/{rel}","templated":true}]}}