{"id":56,"date":"2026-02-02T10:33:39","date_gmt":"2026-02-02T15:33:39","guid":{"rendered":"https:\/\/confiemx.com\/es\/?page_id=56"},"modified":"2026-03-25T14:22:29","modified_gmt":"2026-03-25T19:22:29","slug":"comunidad-y-cultura","status":"publish","type":"page","link":"https:\/\/confiemx.com\/es\/por-que-nosotros\/comunidad-y-cultura\/","title":{"rendered":"Comunidad y cultura"},"content":{"rendered":"<div class=\"c-hero-simple\" id=\"hero-simple-block_3a809ba29edb1a283a67f268b780c16f\">\r\n    <div class=\"o-wrapper\">\r\n        <div class=\"c-hero-simple__content\">\r\n                        <h1 class=\"c-hero-simple__title\">Comunidad y cultura<\/h1>\r\n                                <\/div>\r\n        <picture class=\"c-hero-simple__picture\">\r\n            <source media=\"(min-width: 700px)\" srcset=\"https:\/\/confiemx.com\/es\/wp-content\/uploads\/2026\/02\/bannerPC.jpg 1x, https:\/\/confiemx.com\/es\/wp-content\/uploads\/2026\/02\/bannerPC@2x-scaled-1.jpg 2x\" type=\"image\/webp\">\r\n            <img loading=\"lazy\" decoding=\"async\" class=\"c-hero-simple__img\" src=\"https:\/\/confiemx.com\/es\/wp-content\/uploads\/2026\/02\/4.PC-Header-mobile-copy.jpg\" alt=\"\" srcset=\"https:\/\/confiemx.com\/es\/wp-content\/uploads\/2026\/02\/4.PC-Header-mobile-copy.jpg 1x, https:\/\/confiemx.com\/es\/wp-content\/uploads\/2026\/02\/4.PC-Header-mobile-copy@2x.jpg 2x\" width=\"360\" height=\"150\">\r\n        <\/picture>\r\n    <\/div>\r\n<\/div>\r\n\r\n\n\n\r\n        <div class=\"c-page-breadcrumb\" aria-label=\"Your location in the site\" role=\"navigation\">\r\n            <div class=\"o-wrapper\">\r\n            <ol class=\"o-list-bare c-page-breadcrumb__list\">\r\n                    <li class=\"o-list-bare__item c-page-breadcrumb__item\">\r\n        \r\n        \r\n        \r\n        <a href=\"https:\/\/confiemx.com\/es\/\" class=\"c-page-breadcrumb__link\" >Home<\/a>  <span class=\"o-icon c-page-breadcrumb__separator\"><svg aria-hidden=\"true\" focusable=\"false\" role=\"img\"><use href=\"https:\/\/confiemx.com\/es\/wp-content\/themes\/confie\/assets\/html\/images\/icons\/icons.svg#icon-chevron-right\"><\/use><\/svg><\/span> <li class=\"o-list-bare__item c-page-breadcrumb__item\"><a class=\"c-page-breadcrumb__link c-page-breadcrumb__link--current c-button-line-hover\" href=\"#\" aria-current=\"page\">P\u00e1gina<\/a><\/ol>\r\n        <\/div>\r\n    <\/div>\n\n<div class=\"c-section \" id=\"general-mc-block_7c345adb0c4657719eb4ae1e523de3c9\">\r\n    <div class=\"o-wrapper o-wrapper--small\">\r\n                    <h2 class=\"c-section__title\">Cultura de colaboraci\u00f3n ganadora<\/h2>\r\n                            <div class=\"c-section__content\">\r\n                <div class=\"s-cms-content\"> \r\n                                                                                                                        <p style=\"text-align: center\">\u00bfQu\u00e9 nos hace diferentes? Nuestra cultura ganadora, el equilibrio entre la vida laboral y personal, y la atenci\u00f3n especial que prestamos a nuestros <strong>empleados<\/strong>. Sabemos que el equipo es la columna vertebral de nuestra empresa: \u00a1por eso hacemos todo lo posible por ellos!<\/p>\n                                                                                                                            <h3 class=\"c-underline c-underline--green\">Trabajo emocionante. Satisfacci\u00f3n laboral. Y tiempo para relajarte y <strong>recargar energ\u00eda.<\/strong><\/h3>\r\n                                                                                                                            <p style=\"text-align: center\">\u00bfC\u00f3mo mantenemos el compromiso de nuestro equipo? En primer lugar, hacemos todo lo posible por crear un gran entorno de apoyo y colaboraci\u00f3n. Animamos a los miembros de nuestro equipo a trabajar y jugar duro, y ayudamos a que as\u00ed sea. Utilizando nuestros <strong>valores ICARE<\/strong> como br\u00fajula, hemos sentado las bases para un crecimiento continuo y entusiasta en un entorno de trabajo feliz.<\/p>\n                                                                                                <\/div>                            <div class=\"c-icare\">\r\n                                <div class=\"c-icare__content\">\r\n                                                                            <img decoding=\"async\" class=\"c-icare__logo\" loading=\"lazy\" src=\"https:\/\/confiemx.com\/es\/wp-content\/uploads\/2026\/02\/icare@2x.svg\" alt=\"\" width=\"113\" height=\"115\">\r\n                                                                                                                                                            <div class=\"c-icare__word\">\r\n                                                                                                <div class=\"c-icare__letter c-icare__letter--purple\">I<\/div>\r\n                                                <div class=\"c-icare__text\">ntegridad<\/div>\r\n                                            <\/div>\r\n                                                                                    <div class=\"c-icare__word\">\r\n                                                                                                <div class=\"c-icare__letter c-icare__letter--blue\">C<\/div>\r\n                                                <div class=\"c-icare__text\">ompromiso<\/div>\r\n                                            <\/div>\r\n                                                                                    <div class=\"c-icare__word\">\r\n                                                                                                <div class=\"c-icare__letter c-icare__letter--green\">R<\/div>\r\n                                                <div class=\"c-icare__text\">esponsabilidad <\/div>\r\n                                            <\/div>\r\n                                                                                    <div class=\"c-icare__word\">\r\n                                                                                                <div class=\"c-icare__letter c-icare__letter--red\">R<\/div>\r\n                                                <div class=\"c-icare__text\">espeto<\/div>\r\n                                            <\/div>\r\n                                                                                    <div class=\"c-icare__word\">\r\n                                                                                                <div class=\"c-icare__letter c-icare__letter--aquamarine\">E<\/div>\r\n                                                <div class=\"c-icare__text\">xcelencia<\/div>\r\n                                            <\/div>\r\n                                                                                                            <\/div>\r\n                            <\/div>\r\n                                                                        <\/div>\r\n            <\/div>\r\n<\/div>\n\n<div class=\"c-section\">\r\n    <div class=\"o-wrapper\">\r\n                <div class=\"c-section__content\">\r\n            <div class=\"c-media-block c-media-block--right\">\r\n                <div class=\"c-media-block__content\">\r\n                    <div class=\"c-media-block-header\">\r\n                                                <div class=\"c-media-block-header__content\">\r\n                                                                                                                       \r\n                                    <h3 class=\"c-media-block-header__title c-media-block-header__title--blue\">Lugar de trabajo divertido <\/h3>\r\n                                 \r\n                                                    <\/div>\r\n                    <\/div>\r\n                    <div class=\"s-cms-content\">\r\n                                                                                                                                                                                <p>En Seguros Conf\u00ede nos enorgullecemos de tener un lugar de trabajo divertido. Regularmente hacemos concursos especiales y actividades incre\u00edbles como torneos de videojuegos. \u00bfAlguna vez has imaginado llegar al trabajo y participar en un incre\u00edble concurso de salsa? Estos eventos se realizan regularmente en nuestras oficinas, y tambi\u00e9n puedes participar en eventos virtuales. Animamos a los miembros de nuestro equipo a que aporten ideas divertidas y entretenidas.<\/p>\n                                                                                                        <\/div>\r\n                                    <\/div>\r\n                <div class=\"c-media-block__media\">\r\n                                                                    <picture class=\"c-media-block__picture\">\r\n                            <source media=\"(min-width: 700px)\" srcset=\"https:\/\/confiemx.com\/es\/wp-content\/uploads\/2026\/02\/4.PC-GALERIA-2-1.jpg 1x, https:\/\/confiemx.com\/es\/wp-content\/uploads\/2026\/02\/4.PC-GALERIA-2-1@2x.jpg 2x\" type=\"image\/webp\">\r\n                            <img decoding=\"async\" class=\"c-media-block__img\" loading=\"lazy\" src=\"https:\/\/confiemx.com\/es\/wp-content\/uploads\/2026\/02\/4.PC-GALERIA-2-2.jpg\" alt=\"\" srcset=\"https:\/\/confiemx.com\/es\/wp-content\/uploads\/2026\/02\/4.PC-GALERIA-2-2.jpg 1x, https:\/\/confiemx.com\/es\/wp-content\/uploads\/2026\/02\/4.PC-GALERIA-2-2@2x.jpg 2x\" width=\"320\" height=\"215\">\r\n                        <\/picture>\r\n                                    <\/div>\r\n            <\/div>\r\n        <\/div>\r\n    <\/div>\r\n<\/div>\n\n<div class=\"c-section c-section--bg-ghost-white\">\r\n    <div class=\"o-wrapper\">\r\n        <div class=\"c-section__content\">\r\n            <div class=\"c-blockquote\">\r\n                <div class=\"c-blockquote__text\">\r\n                    <p>\u00abEn Seguros Conf\u00ede, nos esforzamos por crear un lugar de trabajo que sea emocionante y al que te encante venir cada d\u00eda, en el que se recompense el rendimiento, se promueva la educaci\u00f3n y en el que los empleados tengan grandes oportunidades para avanzar en sus carreras profesionales.\u00bb\u200b<\/p>\r\n                <\/div>\r\n                <div class=\"c-blockquote-author\">\r\n                                                            <img loading=\"lazy\" decoding=\"async\" class=\"c-blockquote-author__signature\" src=\"https:\/\/confiemx.com\/es\/wp-content\/uploads\/2026\/02\/Group-01.webp\" alt=\"\" width=\"236\" height=\"43\">\r\n                    <div class=\"c-blockquote-author__title\">VP &amp; Gerente General de Operaciones Tijuana<\/div>\r\n                    <picture class=\"c-blockquote-author__picture c-blockquote-author__picture--circle\">\r\n                                            <source media=\"(min-width: 700px)\" srcset=\"https:\/\/confiemx.com\/es\/wp-content\/uploads\/2026\/02\/SantiagoC-3.jpg, https:\/\/confiemx.com\/es\/wp-content\/uploads\/2026\/02\/SantiagoC-3@2x.jpg 2x\" type=\"image\/webp\">\r\n                        <img decoding=\"async\" loading=\"lazy\" src=\"https:\/\/confiemx.com\/es\/wp-content\/uploads\/2026\/02\/SantiagoC-4.jpg\" srcset=\"https:\/\/confiemx.com\/es\/wp-content\/uploads\/2026\/02\/SantiagoC-4.jpg 1x, https:\/\/confiemx.com\/es\/wp-content\/uploads\/2026\/02\/SantiagoC-4@2x.jpg 2x\" alt=\"\" width=\"173\" height=\"173\">\r\n                    <\/picture>\r\n                <\/div>\r\n            <\/div>\r\n        <\/div>\r\n    <\/div>\r\n<\/div>\n\n<div class=\"c-section \" id=\"general-mc-block_55e19e2d0cdaacdba70b9c04f46c593a\">\r\n    <div class=\"o-wrapper o-wrapper--small\">\r\n                    <h2 class=\"c-section__title\">Actividades de integraci\u00f3n<\/h2>\r\n                            <div class=\"c-section__content\">\r\n                <div class=\"s-cms-content\"> \r\n                                                                                                                        <p style=\"text-align: center\">Esperamos que nuestros colaboradores tengan habilidades en ingl\u00e9s y se integren plenamente y con entusiasmo trabajando con nosotros. Por eso, llevamos a cabo diferentes <strong>actividades divertidas, emocionantes y desafiantes<\/strong>, porque entendemos que para que funcione, hace falta equilibrio.<\/p>\n                                                                                                                            <h3 class=\"c-underline c-underline--blue\"><strong>Perfecta armon\u00eda entre tu vida laboral y personal.<\/strong><\/h3>\r\n                                                                                                                            <p style=\"text-align: center\">Concursos creativos. Club de runners&#8230; <strong>A esto le llamamos el Poder del Equilibrio<\/strong>. Como nuestro objetivo es asegurarnos de que nuestro entorno de trabajo sea atractivo e interactivo, pensamos constantemente en formas nuevas y creativas de celebrar a nuestro equipo. Creamos un entorno divertido lleno de personas a las que te encanta ver cada d\u00eda.<\/p>\n                                                                                                                            <picture  class='is-full-width'>\r\n                                <source media=\"(min-width: 700px)\" srcset=\"https:\/\/confiemx.com\/es\/wp-content\/uploads\/2026\/03\/4.PC-GALERIA-2.webp 1x, https:\/\/confiemx.com\/es\/wp-content\/uploads\/2026\/03\/4.PC-GALERIA-2.webp 2x\" type=\"image\/webp\">\r\n                                <img decoding=\"async\" loading=\"lazy\" src=\"https:\/\/confiemx.com\/es\/wp-content\/uploads\/2026\/03\/4.PC-GALERIA-2.webp\" alt=\"\" srcset=\"https:\/\/confiemx.com\/es\/wp-content\/uploads\/2026\/03\/4.PC-GALERIA-2.webp 1x, https:\/\/confiemx.com\/es\/wp-content\/uploads\/2026\/03\/4.PC-GALERIA-2.webp 2x\" width=\"320\" height=\"165\">\r\n                            <\/picture>  \r\n                                                                                                                            <p style=\"text-align: center\">\u00bfPor qu\u00e9 trabajar para otra empresa que simplemente quiera que llegues, trabajes y luego te vayas a casa? Seguros Conf\u00ede cree en mantener a sus trabajadores comprometidos porque son m\u00e1s que nuestros empleados: <strong>son nuestros amigos y nuestra familia<\/strong>. \u00a1Y queremos crecer esta gran familia contigo!<\/p>\n                                                                            <\/div>\r\n                            <\/div>\r\n            <\/div>\r\n<\/div>\n\n<div class=\"c-section\">\r\n    <div class=\"o-wrapper o-wrapper--small\">\r\n        <div class=\"c-section__content\">\r\n            <div class=\"c-cta c-cta--green\">\r\n                <div class=\"c-cta__content\">\r\n                    <h2 class=\"c-cta__title c-underline c-underline--blue\">\u00bfListo para unirte a nuestro equipo?<\/h2>\r\n                                    <\/div>\r\n                                <div class=\"c-cta__button\">\r\n                    <a class=\"c-button c-button--orange\" href=\"https:\/\/www.confiemx.com\/work-with-us\/\">Aplica ahora<\/a>\r\n                <\/div>\r\n            <\/div>\r\n        <\/div>\r\n    <\/div>\r\n<\/div>\n\n<div class=\"c-section\">\r\n    <div class=\"o-wrapper\">\r\n                <div class=\"c-section__content\">\r\n            <div class=\"c-media-block c-media-block--left\">\r\n                <div class=\"c-media-block__content\">\r\n                    <div class=\"c-media-block-header\">\r\n                                                <div class=\"c-media-block-header__content\">\r\n                                                                                                                       \r\n                                    <h3 class=\"c-media-block-header__title c-media-block-header__title--orange\">Recompensas y reconocimiento<\/h3>\r\n                                 \r\n                                                    <\/div>\r\n                    <\/div>\r\n                    <div class=\"s-cms-content\">\r\n                                                                                                                                                                                <p>Tambi\u00e9n estamos muy orgullosos de nuestro <strong>programa de recompensas<\/strong>. Toda la empresa <strong>reconoce<\/strong> a sus empleados por sus logros. Ofrecemos recompensas peri\u00f3dicas, adem\u00e1s de un programa de recompensas anuales que ayuda a reconocer el duro trabajo que los empleados realizan a lo largo del a\u00f1o. Porque sabemos que los <strong>incre\u00edbles agentes de nuestro call center<\/strong> de hoy ser\u00e1n los audaces e innovadores l\u00edderes del call center de ma\u00f1ana.<\/p>\n                                                                                                        <\/div>\r\n                                    <\/div>\r\n                <div class=\"c-media-block__media\">\r\n                                                                    <video  preload='none' class=\"c-media-block__video\" src=\"https:\/\/files.confiemx.com\/videos\/wcaw-eng.mp4\" poster=\"https:\/\/confiemx.com\/es\/wp-content\/uploads\/2026\/03\/thumb-rewards-recognition.webp\" width=\"320\" height=\"215\" controls> <\/video>\r\n                                                                                    <\/div>\r\n            <\/div>\r\n        <\/div>\r\n    <\/div>\r\n<\/div>","protected":false},"excerpt":{"rendered":"","protected":false},"author":2,"featured_media":0,"parent":59,"menu_order":0,"comment_status":"closed","ping_status":"closed","template":"","meta":{"inline_featured_image":false,"footnotes":""},"class_list":["post-56","page","type-page","status-publish","hentry"],"acf":[],"_links":{"self":[{"href":"https:\/\/confiemx.com\/es\/wp-json\/wp\/v2\/pages\/56","targetHints":{"allow":["GET"]}}],"collection":[{"href":"https:\/\/confiemx.com\/es\/wp-json\/wp\/v2\/pages"}],"about":[{"href":"https:\/\/confiemx.com\/es\/wp-json\/wp\/v2\/types\/page"}],"author":[{"embeddable":true,"href":"https:\/\/confiemx.com\/es\/wp-json\/wp\/v2\/users\/2"}],"replies":[{"embeddable":true,"href":"https:\/\/confiemx.com\/es\/wp-json\/wp\/v2\/comments?post=56"}],"version-history":[{"count":8,"href":"https:\/\/confiemx.com\/es\/wp-json\/wp\/v2\/pages\/56\/revisions"}],"predecessor-version":[{"id":376,"href":"https:\/\/confiemx.com\/es\/wp-json\/wp\/v2\/pages\/56\/revisions\/376"}],"up":[{"embeddable":true,"href":"https:\/\/confiemx.com\/es\/wp-json\/wp\/v2\/pages\/59"}],"wp:attachment":[{"href":"https:\/\/confiemx.com\/es\/wp-json\/wp\/v2\/media?parent=56"}],"curies":[{"name":"wp","href":"https:\/\/api.w.org\/{rel}","templated":true}]}}