{"id":59,"date":"2026-02-02T10:45:07","date_gmt":"2026-02-02T15:45:07","guid":{"rendered":"https:\/\/confiemx.com\/es\/?page_id=59"},"modified":"2026-02-05T11:55:07","modified_gmt":"2026-02-05T16:55:07","slug":"por-que-nosotros","status":"publish","type":"page","link":"https:\/\/confiemx.com\/es\/por-que-nosotros\/","title":{"rendered":"\u00bfPor qu\u00e9 nosotros?"},"content":{"rendered":"<div class=\"c-hero-simple\" id=\"hero-simple-block_b123979eadf1d3ffe5d65480b1ae3371\">\r\n    <div class=\"o-wrapper\">\r\n        <div class=\"c-hero-simple__content\">\r\n                        <h1 class=\"c-hero-simple__title\">\u00bfPor qu\u00e9 nosotros?<\/h1>\r\n                                <\/div>\r\n        <picture class=\"c-hero-simple__picture\">\r\n            <source media=\"(min-width: 700px)\" srcset=\"https:\/\/confiemx.com\/es\/wp-content\/uploads\/2026\/02\/3.WHY-US-HEADER-1.jpg 1x, https:\/\/confiemx.com\/es\/wp-content\/uploads\/2026\/02\/3.WHY-US-HEADER-1@2x-1-scaled-1.jpg 2x\" type=\"image\/webp\">\r\n            <img loading=\"lazy\" decoding=\"async\" class=\"c-hero-simple__img\" src=\"https:\/\/confiemx.com\/es\/wp-content\/uploads\/2026\/02\/3.WHY-US-HEADER-2.jpg\" alt=\"\" srcset=\"https:\/\/confiemx.com\/es\/wp-content\/uploads\/2026\/02\/3.WHY-US-HEADER-2.jpg 1x, https:\/\/confiemx.com\/es\/wp-content\/uploads\/2026\/02\/3.WHY-US-HEADER-2@2x.jpg 2x\" width=\"360\" height=\"150\">\r\n        <\/picture>\r\n    <\/div>\r\n<\/div>\r\n\r\n\n\n\r\n        <div class=\"c-page-breadcrumb\" aria-label=\"Your location in the site\" role=\"navigation\">\r\n            <div class=\"o-wrapper\">\r\n            <ol class=\"o-list-bare c-page-breadcrumb__list\">\r\n                    <li class=\"o-list-bare__item c-page-breadcrumb__item\">\r\n        \r\n        \r\n        \r\n        <a href=\"https:\/\/confiemx.com\/es\/\" class=\"c-page-breadcrumb__link\" >Home<\/a>  <span class=\"o-icon c-page-breadcrumb__separator\"><svg aria-hidden=\"true\" focusable=\"false\" role=\"img\"><use href=\"https:\/\/confiemx.com\/es\/wp-content\/themes\/confie\/assets\/html\/images\/icons\/icons.svg#icon-chevron-right\"><\/use><\/svg><\/span> <li class=\"o-list-bare__item c-page-breadcrumb__item\"><a class=\"c-page-breadcrumb__link c-page-breadcrumb__link--current c-button-line-hover\" href=\"#\" aria-current=\"page\">P\u00e1gina<\/a><\/ol>\r\n        <\/div>\r\n    <\/div>\n\n<div class=\"c-section c-section--no-padding-bottom\" id=\"general-mc-block_2a35fe7b791165c316506d7d984b3283\">\r\n    <div class=\"o-wrapper o-wrapper--small\">\r\n                    <h2 class=\"c-section__title\">Obt\u00e9n los beneficios que te mereces<\/h2>\r\n                            <div class=\"c-section__content\">\r\n                <div class=\"s-cms-content\"> \r\n                                                                                                                        <p style=\"text-align: center\">Nuestra misi\u00f3n es muy clara: \u00a1darle a todos nuestros colaboradores las prestaciones que realmente se merecen! M\u00e1s all\u00e1 del IMSS, contamos con un seguro m\u00e9dico privado que te da acceso a atenci\u00f3n de primer nivel. Adem\u00e1s, disfruta de un mejor equilibrio entre tu vida y tu trabajo con 3 d\u00edas libres adicionales a los 12 d\u00edas de vacaciones por ley.<\/p>\n<p style=\"text-align: center\">Como orgullosa Empresa Diez Plus reconocida por Infonavit, nos apasiona ofrecer beneficios \u00fanicos que impulsen tus metas personales y familiares.<\/p>\n<p style=\"text-align: center\">\u00danete a nosotros y descubre un lugar donde tu salud, felicidad, crecimiento y \u00e9xito son prioridad.<\/p>\n                                                                                                                            <h3 class=\"c-underline c-underline--green\"><strong>Creemos que los grandes trabajadores deben recibir grandes beneficios.<\/strong><\/h3>\r\n                                                                                                                            <p style=\"text-align: center\">Te ayudamos a alcanzar tus <strong>objetivos financieros<\/strong> ofreci\u00e9ndote dos tipos de fondos de ahorro:<\/p>\n<ul>\n<li>Fondo de Ahorro semanal: Ahorrar\u00e1s una cantidad cada semana y nosotros te la igualaremos. \u00a1Doble ahorro!<\/li>\n<li>Caja de Ahorro: T\u00fa eliges cu\u00e1nto quieres ahorrar cada semana y nosotros te daremos los intereses generados al final del a\u00f1o.<\/li>\n<\/ul>\n                                                                                                <\/div>                            <div class=\"c-icon-list\">\r\n                                <ul class=\"o-list-bare c-icon-list__list\">\r\n                                                                                                                                                                    <li class=\"o-list-bare__item c-icon-list__item\">\r\n                                                <img decoding=\"async\" class=\"c-icon-list__icon\" loading=\"lazy\" src=\"https:\/\/confiemx.com\/es\/wp-content\/uploads\/2026\/02\/private-health.svg\" alt=\"\" aria-hidden=\"true\" width=\"80\" height=\"80\">\r\n                                                <div class=\"c-icon-list__text\">Seguro m\u00e9dico privado y atenci\u00f3n preventiva <\/div>\r\n                                            <\/li>\r\n                                                                                                                                <li class=\"o-list-bare__item c-icon-list__item\">\r\n                                                <img decoding=\"async\" class=\"c-icon-list__icon\" loading=\"lazy\" src=\"https:\/\/confiemx.com\/es\/wp-content\/uploads\/2026\/02\/Vacation.svg\" alt=\"\" aria-hidden=\"true\" width=\"80\" height=\"80\">\r\n                                                <div class=\"c-icon-list__text\">Vacaciones<\/div>\r\n                                            <\/li>\r\n                                                                                                                                <li class=\"o-list-bare__item c-icon-list__item\">\r\n                                                <img decoding=\"async\" class=\"c-icon-list__icon\" loading=\"lazy\" src=\"https:\/\/confiemx.com\/es\/wp-content\/uploads\/2026\/02\/career-growth.svg\" alt=\"\" aria-hidden=\"true\" width=\"80\" height=\"80\">\r\n                                                <div class=\"c-icon-list__text\">Oportunidades de crecimiento profesional<\/div>\r\n                                            <\/li>\r\n                                                                                                                                <li class=\"o-list-bare__item c-icon-list__item\">\r\n                                                <img decoding=\"async\" class=\"c-icon-list__icon\" loading=\"lazy\" src=\"https:\/\/confiemx.com\/es\/wp-content\/uploads\/2026\/02\/paid-training@2x-1.svg\" alt=\"\" aria-hidden=\"true\" width=\"80\" height=\"80\">\r\n                                                <div class=\"c-icon-list__text\">Capacitaci\u00f3n pagada<\/div>\r\n                                            <\/li>\r\n                                                                                                                                <li class=\"o-list-bare__item c-icon-list__item\">\r\n                                                <img decoding=\"async\" class=\"c-icon-list__icon\" loading=\"lazy\" src=\"https:\/\/confiemx.com\/es\/wp-content\/uploads\/2026\/02\/saving-fund.svg\" alt=\"\" aria-hidden=\"true\" width=\"80\" height=\"80\">\r\n                                                <div class=\"c-icon-list__text\">Fondo de ahorro<\/div>\r\n                                            <\/li>\r\n                                                                                                                                <li class=\"o-list-bare__item c-icon-list__item\">\r\n                                                <img decoding=\"async\" class=\"c-icon-list__icon\" loading=\"lazy\" src=\"https:\/\/confiemx.com\/es\/wp-content\/uploads\/2026\/02\/wellness-program.svg\" alt=\"\" aria-hidden=\"true\" width=\"80\" height=\"80\">\r\n                                                <div class=\"c-icon-list__text\">Programa de bienestar<\/div>\r\n                                            <\/li>\r\n                                                                                                            <\/ul>\r\n                            <\/div>\r\n                                                                        <\/div>\r\n            <\/div>\r\n<\/div>\n\n<div class=\"c-section \" id=\"general-mc-block_ea1dc91b65d6733fcb7206e148c3886a\">\r\n    <div class=\"o-wrapper o-wrapper--small\">\r\n                            <div class=\"c-section__content\">\r\n                <div class=\"s-cms-content\"> \r\n                                                                                                                        <h3 class=\"c-underline c-underline--blue\">Excdelente ambiente laboral<\/h3>\r\n                                                                                                                            <p style=\"text-align: center\">Sabemos lo importante que es mantener un equilibrio entre tu vida personal y laboral. Porque un equipo descansado es un equipo productivo, hemos creado beneficios excepcionales para que disfrutes tanto si trabajas en la oficina como desde casa.<\/p>\n<p style=\"text-align: center\">Quienes trabajan en nuestras oficinas pueden disfrutar del Confie Caf\u00e9, nuestro gameroom, caf\u00e9 gratuito y actividades mensuales llenas de diversi\u00f3n.<\/p>\n<p style=\"text-align: center\">\u00danete a un lugar donde tu bienestar realmente importa.<\/p>\n                                                                            <\/div>\r\n                            <\/div>\r\n            <\/div>\r\n<\/div>\n\n<div class=\"c-section \" id=\"general-mc-block_a7b40f2dcabb7e46cb35df2da60e091f\">\r\n    <div class=\"o-wrapper o-wrapper--small\">\r\n                    <h2 class=\"c-section__title\">Formaci\u00f3n y desarrollo<\/h2>\r\n                            <div class=\"c-section__content\">\r\n                <div class=\"s-cms-content\"> \r\n                                                                                                                        <p>Casi todos nuestros trabajadores tienen el mismo objetivo profesional: sue\u00f1an con <strong>progresar<\/strong> en su carrera. Para ayudarles a conseguirlo, ofrecemos formaci\u00f3n y desarrollo interno lo cual les proporcionar\u00e1 las <strong>habilidades necesarias<\/strong> para su futura carrera. Comenzamos con esta formaci\u00f3n especial desde que te incorporas a la empresa. Te informamos e impulsamos hasta convertirte en el empleado m\u00e1s fuerte que puedas llegar a ser.<\/p>\n                                                                            <\/div>\r\n                            <\/div>\r\n            <\/div>\r\n<\/div>\n\n<div class=\"c-section\">\r\n    <div class=\"o-wrapper\">\r\n                <div class=\"c-section__content\">\r\n            <div class=\"c-media-block c-media-block--left\">\r\n                <div class=\"c-media-block__content\">\r\n                    <div class=\"c-media-block-header\">\r\n                                                <div class=\"c-media-block-header__content\">\r\n                                                                                                                       \r\n                                    <h3 class=\"c-media-block-header__title c-media-block-header__title--blue\">Tus primeros pasos con nosotros<\/h3>\r\n                                 \r\n                                                    <\/div>\r\n                    <\/div>\r\n                    <div class=\"s-cms-content\">\r\n                                                                                                                                                                                <p>Durante tu etapa de capacitaci\u00f3n conocer\u00e1s todo sobre la empresa y nuestra <strong>cultura ganadora<\/strong>. Adem\u00e1s, desarrollar\u00e1s habilidades b\u00e1sicas de servicio al cliente y aprender\u00e1s los fundamentos de la carrera que elijas con nosotros.<\/p>\n<p>Nuestro objetivo es que cuentes con todo lo necesario para vivir un d\u00eda de trabajo exitoso y lleno de confianza.<\/p>\n                                                                                                        <\/div>\r\n                                    <\/div>\r\n                <div class=\"c-media-block__media\">\r\n                                                                    <picture class=\"c-media-block__picture\">\r\n                            <source media=\"(min-width: 700px)\" srcset=\"https:\/\/confiemx.com\/es\/wp-content\/uploads\/2026\/02\/0000_3.WHY-US-A1.png 1x, https:\/\/confiemx.com\/es\/wp-content\/uploads\/2026\/02\/0000_3.WHY-US-A1.png 2x\" type=\"image\/webp\">\r\n                            <img decoding=\"async\" class=\"c-media-block__img\" loading=\"lazy\" src=\"https:\/\/confiemx.com\/es\/wp-content\/uploads\/2026\/02\/0000_3.WHY-US-A1.png\" alt=\"\" srcset=\"https:\/\/confiemx.com\/es\/wp-content\/uploads\/2026\/02\/0000_3.WHY-US-A1.png 1x, https:\/\/confiemx.com\/es\/wp-content\/uploads\/2026\/02\/0000_3.WHY-US-A1.png 2x\" width=\"320\" height=\"215\">\r\n                        <\/picture>\r\n                                    <\/div>\r\n            <\/div>\r\n        <\/div>\r\n    <\/div>\r\n<\/div>\n\n<div class=\"c-section\">\r\n    <div class=\"o-wrapper\">\r\n                <div class=\"c-section__content\">\r\n            <div class=\"c-media-block c-media-block--right\">\r\n                <div class=\"c-media-block__content\">\r\n                    <div class=\"c-media-block-header\">\r\n                                                <div class=\"c-media-block-header__content\">\r\n                                                                                                                       \r\n                                    <h3 class=\"c-media-block-header__title c-media-block-header__title--orange\">La formaci\u00f3n forma parte de nuestro proceso cotidiano<\/h3>\r\n                                 \r\n                                                    <\/div>\r\n                    <\/div>\r\n                    <div class=\"s-cms-content\">\r\n                                                                                                                                                                                <p>Para los nuevos miembros del equipo, nuestra formaci\u00f3n se centra en informaci\u00f3n b\u00e1sica sobre seguros. Sin embargo, a lo largo de tu carrera te encontrar\u00e1s con preguntas poco frecuentes y dif\u00edciles. Por eso, tenemos <strong>oportunidades de formaci\u00f3n continua<\/strong> que te ayudar\u00e1n a aprender m\u00e1s y, en \u00faltima instancia, a avanzar en tu carrera de formas muy interesantes.<\/p>\n                                                                                                        <\/div>\r\n                                    <\/div>\r\n                <div class=\"c-media-block__media\">\r\n                                                                    <picture class=\"c-media-block__picture\">\r\n                            <source media=\"(min-width: 700px)\" srcset=\"https:\/\/confiemx.com\/es\/wp-content\/uploads\/2026\/02\/0003_3.WHY-US-A2.png 1x, https:\/\/confiemx.com\/es\/wp-content\/uploads\/2026\/02\/0003_3.WHY-US-A2.png 2x\" type=\"image\/webp\">\r\n                            <img decoding=\"async\" class=\"c-media-block__img\" loading=\"lazy\" src=\"https:\/\/confiemx.com\/es\/wp-content\/uploads\/2026\/02\/0003_3.WHY-US-A2.png\" alt=\"\" srcset=\"https:\/\/confiemx.com\/es\/wp-content\/uploads\/2026\/02\/0003_3.WHY-US-A2.png 1x, https:\/\/confiemx.com\/es\/wp-content\/uploads\/2026\/02\/0003_3.WHY-US-A2.png 2x\" width=\"320\" height=\"215\">\r\n                        <\/picture>\r\n                                    <\/div>\r\n            <\/div>\r\n        <\/div>\r\n    <\/div>\r\n<\/div>\n\n<div class=\"c-section\">\r\n    <div class=\"o-wrapper\">\r\n                <div class=\"c-section__content\">\r\n            <div class=\"c-media-block c-media-block--left\">\r\n                <div class=\"c-media-block__content\">\r\n                    <div class=\"c-media-block-header\">\r\n                                                <div class=\"c-media-block-header__content\">\r\n                                                                                                                       \r\n                                    <h3 class=\"c-media-block-header__title c-media-block-header__title--green\">Oportunidades de crecimiento laboral<\/h3>\r\n                                 \r\n                                                    <\/div>\r\n                    <\/div>\r\n                    <div class=\"s-cms-content\">\r\n                                                                                                                                                                                <p>\u00bfC\u00f3mo son nuestras <strong>oportunidades de crecimiento profesional<\/strong>? Tenemos un programa de L\u00edderes en Crecimiento que ayuda a identificar a nuestros l\u00edderes del ma\u00f1ana. Este programa sienta las bases para un liderazgo eficaz e inspirador en la empresa y te prepara para la siguiente etapa de tu carrera con nosotros.<\/p>\n                                                                                                        <\/div>\r\n                                    <\/div>\r\n                <div class=\"c-media-block__media\">\r\n                                                                    <picture class=\"c-media-block__picture\">\r\n                            <source media=\"(min-width: 700px)\" srcset=\"https:\/\/confiemx.com\/es\/wp-content\/uploads\/2026\/02\/0002_3.WHY-US-A3.png 1x, https:\/\/confiemx.com\/es\/wp-content\/uploads\/2026\/02\/0002_3.WHY-US-A3.png 2x\" type=\"image\/webp\">\r\n                            <img decoding=\"async\" class=\"c-media-block__img\" loading=\"lazy\" src=\"https:\/\/confiemx.com\/es\/wp-content\/uploads\/2026\/02\/0002_3.WHY-US-A3.png\" alt=\"\" srcset=\"https:\/\/confiemx.com\/es\/wp-content\/uploads\/2026\/02\/0002_3.WHY-US-A3.png 1x, https:\/\/confiemx.com\/es\/wp-content\/uploads\/2026\/02\/0002_3.WHY-US-A3.png 2x\" width=\"320\" height=\"215\">\r\n                        <\/picture>\r\n                                    <\/div>\r\n            <\/div>\r\n        <\/div>\r\n    <\/div>\r\n<\/div>\n\n<div class=\"c-section\">\r\n    <div class=\"o-wrapper\">\r\n                <div class=\"c-section__content\">\r\n            <div class=\"c-media-block c-media-block--right\">\r\n                <div class=\"c-media-block__content\">\r\n                    <div class=\"c-media-block-header\">\r\n                                                <div class=\"c-media-block-header__content\">\r\n                                                                                                                       \r\n                                    <h3 class=\"c-media-block-header__title c-media-block-header__title--blue-munsell\">Prep\u00e1rate para el futuro<\/h3>\r\n                                 \r\n                                                    <\/div>\r\n                    <\/div>\r\n                    <div class=\"s-cms-content\">\r\n                                                                                                                                                                                <p>Somos conscientes de la importancia de <strong>aprender cada d\u00eda<\/strong> para poder seguir dando lo mejor de nosotros mismos. Al proporcionar capacitaci\u00f3n pagada desde el principio y formaci\u00f3n especializada a lo largo de tu carrera profesional, Seguros Conf\u00ede ayuda a cada trabajador a liberar su potencial oculto. Adem\u00e1s, tendr\u00e1s la oportunidad de practicar tu ingl\u00e9s todos los d\u00edas ya que es necesario que tengas un buen nivel de este idioma.<\/p>\n                                                                                                        <\/div>\r\n                                    <\/div>\r\n                <div class=\"c-media-block__media\">\r\n                                                                    <picture class=\"c-media-block__picture\">\r\n                            <source media=\"(min-width: 700px)\" srcset=\"https:\/\/confiemx.com\/es\/wp-content\/uploads\/2026\/02\/0001_3.WHY-US-A4.png 1x, https:\/\/confiemx.com\/es\/wp-content\/uploads\/2026\/02\/0001_3.WHY-US-A4.png 2x\" type=\"image\/webp\">\r\n                            <img decoding=\"async\" class=\"c-media-block__img\" loading=\"lazy\" src=\"https:\/\/confiemx.com\/es\/wp-content\/uploads\/2026\/02\/0001_3.WHY-US-A4.png\" alt=\"\" srcset=\"https:\/\/confiemx.com\/es\/wp-content\/uploads\/2026\/02\/0001_3.WHY-US-A4.png 1x, https:\/\/confiemx.com\/es\/wp-content\/uploads\/2026\/02\/0001_3.WHY-US-A4.png 2x\" width=\"320\" height=\"215\">\r\n                        <\/picture>\r\n                                    <\/div>\r\n            <\/div>\r\n        <\/div>\r\n    <\/div>\r\n<\/div>\n\n<div class=\"c-section\">\r\n    <div class=\"o-wrapper o-wrapper--small\">\r\n        <div class=\"c-section__content\">\r\n            <div class=\"c-cta c-cta--green\">\r\n                <div class=\"c-cta__content\">\r\n                    <h2 class=\"c-cta__title c-underline c-underline--blue\">\u00bfListo para unirte a nuestro equipo?<\/h2>\r\n                                    <\/div>\r\n                                <div class=\"c-cta__button\">\r\n                    <a class=\"c-button c-button--orange\" href=\"https:\/\/www.confiemx.com\/es\/trabaja-con-nosotros\">Apply Now<\/a>\r\n                <\/div>\r\n            <\/div>\r\n        <\/div>\r\n    <\/div>\r\n<\/div>\n\n<div class=\"c-section\">\r\n    <div class=\"o-wrapper\">\r\n                <div class=\"c-section__content\">\r\n            <div class=\"c-media-block c-media-block--left\">\r\n                <div class=\"c-media-block__content\">\r\n                    <div class=\"c-media-block-header\">\r\n                                                <div class=\"c-media-block-header__content\">\r\n                                                                                                                            <h2 class=\"c-media-block-header__title c-media-block-header__title--coral\">Socios educativos de Seguros Conf\u00ede<\/h2>\r\n                                 \r\n                                                    <\/div>\r\n                    <\/div>\r\n                    <div class=\"s-cms-content\">\r\n                                                                                                                                                                                <p>En Seguros Confie, creemos en un futuro donde no tengas que elegir entre ganar un sueldo y perseguir tus sue\u00f1os. Cada persona es \u00fanica, y por eso estamos comprometidos en apoyarte para que alcances tus metas y sigas tus pasiones.<\/p>\n                                                                                                                                                                <h4 class=\"c-underline c-underline--blue\">A trav\u00e9s de alianzas con universidades y escuelas l\u00edderes, nos hemos propuesto ofrecerte a ti y a tu familia acceso a educaci\u00f3n y capacitaci\u00f3n de primer nivel.<\/h4>\r\n                                                                                                                                                                <p style=\"text-align: left\">Trabajar en Seguros Confie significa abrir la puerta a un mundo de posibilidades. Estamos aqu\u00ed para ayudarte a <strong>desarrollar todo tu potencial<\/strong> y acompa\u00f1arte en cada paso de tu camino hacia un futuro m\u00e1s brillante.<\/p>\n                                                                                                        <\/div>\r\n                                    <\/div>\r\n                <div class=\"c-media-block__media\">\r\n                                                                    <picture class=\"c-media-block__picture\">\r\n                            <source media=\"(min-width: 700px)\" srcset=\"https:\/\/confiemx.com\/es\/wp-content\/uploads\/2026\/02\/logos-why-us.jpg 1x, https:\/\/confiemx.com\/es\/wp-content\/uploads\/2026\/02\/logos-why-us@2x.jpg 2x\" type=\"image\/webp\">\r\n                            <img decoding=\"async\" class=\"c-media-block__img\" loading=\"lazy\" src=\"https:\/\/confiemx.com\/es\/wp-content\/uploads\/2026\/02\/ima-logos-322x362-1.jpg\" alt=\"\" srcset=\"https:\/\/confiemx.com\/es\/wp-content\/uploads\/2026\/02\/ima-logos-322x362-1.jpg 1x, https:\/\/confiemx.com\/es\/wp-content\/uploads\/2026\/02\/ima-logos-322x362@2x.jpg 2x\" width=\"320\" height=\"215\">\r\n                        <\/picture>\r\n                                    <\/div>\r\n            <\/div>\r\n        <\/div>\r\n    <\/div>\r\n<\/div>","protected":false},"excerpt":{"rendered":"","protected":false},"author":2,"featured_media":0,"parent":0,"menu_order":0,"comment_status":"closed","ping_status":"closed","template":"","meta":{"inline_featured_image":false,"footnotes":""},"class_list":["post-59","page","type-page","status-publish","hentry"],"acf":[],"_links":{"self":[{"href":"https:\/\/confiemx.com\/es\/wp-json\/wp\/v2\/pages\/59","targetHints":{"allow":["GET"]}}],"collection":[{"href":"https:\/\/confiemx.com\/es\/wp-json\/wp\/v2\/pages"}],"about":[{"href":"https:\/\/confiemx.com\/es\/wp-json\/wp\/v2\/types\/page"}],"author":[{"embeddable":true,"href":"https:\/\/confiemx.com\/es\/wp-json\/wp\/v2\/users\/2"}],"replies":[{"embeddable":true,"href":"https:\/\/confiemx.com\/es\/wp-json\/wp\/v2\/comments?post=59"}],"version-history":[{"count":5,"href":"https:\/\/confiemx.com\/es\/wp-json\/wp\/v2\/pages\/59\/revisions"}],"predecessor-version":[{"id":255,"href":"https:\/\/confiemx.com\/es\/wp-json\/wp\/v2\/pages\/59\/revisions\/255"}],"wp:attachment":[{"href":"https:\/\/confiemx.com\/es\/wp-json\/wp\/v2\/media?parent=59"}],"curies":[{"name":"wp","href":"https:\/\/api.w.org\/{rel}","templated":true}]}}