{"id":63,"date":"2026-02-02T10:51:07","date_gmt":"2026-02-02T15:51:07","guid":{"rendered":"https:\/\/confiemx.com\/es\/?page_id=63"},"modified":"2026-03-25T12:43:53","modified_gmt":"2026-03-25T17:43:53","slug":"preguntas-frecuentes","status":"publish","type":"page","link":"https:\/\/confiemx.com\/es\/preguntas-frecuentes\/","title":{"rendered":"Preguntas frecuentes"},"content":{"rendered":"<div class=\"c-hero-simple\" id=\"hero-simple-block_c4f63f3d8ef0706e87ccf87fb83a2eb5\">\r\n    <div class=\"o-wrapper\">\r\n        <div class=\"c-hero-simple__content\">\r\n                        <h1 class=\"c-hero-simple__title\">Preguntas frecuentes<\/h1>\r\n                                <\/div>\r\n        <picture class=\"c-hero-simple__picture\">\r\n            <source media=\"(min-width: 700px)\" srcset=\"https:\/\/confiemx.com\/es\/wp-content\/uploads\/2026\/03\/FAQ-banner.png 1x, https:\/\/confiemx.com\/es\/wp-content\/uploads\/2026\/03\/FAQ-banner@2x-scaled.png 2x\" type=\"image\/webp\">\r\n            <img loading=\"lazy\" decoding=\"async\" class=\"c-hero-simple__img\" src=\"https:\/\/confiemx.com\/es\/wp-content\/uploads\/2026\/03\/FAQ-mobile.png\" alt=\"\" srcset=\"https:\/\/confiemx.com\/es\/wp-content\/uploads\/2026\/03\/FAQ-mobile.png 1x, https:\/\/confiemx.com\/es\/wp-content\/uploads\/2026\/03\/FAQ-mobile.png 2x\" width=\"360\" height=\"150\">\r\n        <\/picture>\r\n    <\/div>\r\n<\/div>\r\n\r\n\n\n\r\n        <div class=\"c-page-breadcrumb\" aria-label=\"Your location in the site\" role=\"navigation\">\r\n            <div class=\"o-wrapper\">\r\n            <ol class=\"o-list-bare c-page-breadcrumb__list\">\r\n                    <li class=\"o-list-bare__item c-page-breadcrumb__item\">\r\n        \r\n        \r\n        \r\n        <a href=\"https:\/\/confiemx.com\/es\/\" class=\"c-page-breadcrumb__link\" >Home<\/a>  <span class=\"o-icon c-page-breadcrumb__separator\"><svg aria-hidden=\"true\" focusable=\"false\" role=\"img\"><use href=\"https:\/\/confiemx.com\/es\/wp-content\/themes\/confie\/assets\/html\/images\/icons\/icons.svg#icon-chevron-right\"><\/use><\/svg><\/span> <li class=\"o-list-bare__item c-page-breadcrumb__item\"><a class=\"c-page-breadcrumb__link c-page-breadcrumb__link--current c-button-line-hover\" href=\"#\" aria-current=\"page\">P\u00e1gina<\/a><\/ol>\r\n        <\/div>\r\n    <\/div>\n\n<div class=\"c-section\">\r\n    <div class=\"o-wrapper o-wrapper--small\">\r\n                <div class=\"c-section__content\">\r\n            <div class=\"c-faqs\">\r\n                <div class=\"c-faqs__list\">\r\n                                                                    \r\n                            <div class=\"c-faqs__item\">\r\n                                <h3 class=\"c-faqs__question\">\r\n                                    <button class=\"c-faqs__button\" type=\"button\" aria-expanded=\"false\" aria-controls=\"answer-1\" id=\"question-1\">\u00bfQu\u00e9 beneficios ofrece Seguros Conf\u00ede? <span class=\"o-icon c-faqs__icon\"><svg aria-hidden=\"true\" focusable=\"false\" role=\"img\"><use href=\"https:\/\/confiemx.com\/es\/wp-content\/themes\/confie\/assets\/html\/images\/icons\/icons.svg#icon-chevron-down-big\"><\/use><\/svg><\/span>\r\n                                    <\/button>\r\n                                <\/h3>\r\n                                <div class=\"c-faqs__answer\" id=\"answer-1\" aria-labelledby=\"question-1\">\r\n                                    <div class=\"s-cms-content\">\r\n                                        <p>Cuando vengas a trabajar a Seguros Conf\u00ede, recibir\u00e1s incre\u00edbles beneficios que incluyen salario semanal y bonificaciones, seguro m\u00e9dico privado y atenci\u00f3n preventiva, la posibilidad de trabajar desde casa o en las oficinas ubicadas en el coraz\u00f3n financiero de la ciudad, excelentes oportunidades de crecimiento profesional y mucho m\u00e1s.<\/p>\n                                    <\/div>\r\n                                <\/div>\r\n                            <\/div>\r\n                                                    \r\n                            <div class=\"c-faqs__item\">\r\n                                <h3 class=\"c-faqs__question\">\r\n                                    <button class=\"c-faqs__button\" type=\"button\" aria-expanded=\"false\" aria-controls=\"answer-2\" id=\"question-2\">\u00bfD\u00f3nde se encuentra Seguros Conf\u00ede? <span class=\"o-icon c-faqs__icon\"><svg aria-hidden=\"true\" focusable=\"false\" role=\"img\"><use href=\"https:\/\/confiemx.com\/es\/wp-content\/themes\/confie\/assets\/html\/images\/icons\/icons.svg#icon-chevron-down-big\"><\/use><\/svg><\/span>\r\n                                    <\/button>\r\n                                <\/h3>\r\n                                <div class=\"c-faqs__answer\" id=\"answer-2\" aria-labelledby=\"question-2\">\r\n                                    <div class=\"s-cms-content\">\r\n                                        <p>Estamos ubicados en el coraz\u00f3n financiero de Tijuana, Zona R\u00edo, muy cerca del centro comercial m\u00e1s grande de la ciudad, los hoteles m\u00e1s grandes, restaurantes, negocios comerciales, financieros y servicios de salud.<\/p>\n<p>Nuestra direcci\u00f3n es Blvd. Gral. Rodolfo S\u00e1nchez Taboada #9589-Int 201, Zona Urbana R\u00edo Tijuana, 22010, Tijuana, B.C.<\/p>\n                                    <\/div>\r\n                                <\/div>\r\n                            <\/div>\r\n                                                    \r\n                            <div class=\"c-faqs__item\">\r\n                                <h3 class=\"c-faqs__question\">\r\n                                    <button class=\"c-faqs__button\" type=\"button\" aria-expanded=\"false\" aria-controls=\"answer-3\" id=\"question-3\">\u00bfCu\u00e1les son los requisitos para trabajar en Seguros Conf\u00ede? <span class=\"o-icon c-faqs__icon\"><svg aria-hidden=\"true\" focusable=\"false\" role=\"img\"><use href=\"https:\/\/confiemx.com\/es\/wp-content\/themes\/confie\/assets\/html\/images\/icons\/icons.svg#icon-chevron-down-big\"><\/use><\/svg><\/span>\r\n                                    <\/button>\r\n                                <\/h3>\r\n                                <div class=\"c-faqs__answer\" id=\"answer-3\" aria-labelledby=\"question-3\">\r\n                                    <div class=\"s-cms-content\">\r\n                                        <p>Para trabajar en Seguros Conf\u00ede debes dominar el idioma ingl\u00e9s, tener conocimientos b\u00e1sicos de computaci\u00f3n y ser mayor de 18 a\u00f1os.<\/p>\n                                    <\/div>\r\n                                <\/div>\r\n                            <\/div>\r\n                                                    \r\n                            <div class=\"c-faqs__item\">\r\n                                <h3 class=\"c-faqs__question\">\r\n                                    <button class=\"c-faqs__button\" type=\"button\" aria-expanded=\"false\" aria-controls=\"answer-4\" id=\"question-4\">\u00bfQu\u00e9 documentos necesito para trabajar en Seguros Conf\u00ede?<span class=\"o-icon c-faqs__icon\"><svg aria-hidden=\"true\" focusable=\"false\" role=\"img\"><use href=\"https:\/\/confiemx.com\/es\/wp-content\/themes\/confie\/assets\/html\/images\/icons\/icons.svg#icon-chevron-down-big\"><\/use><\/svg><\/span>\r\n                                    <\/button>\r\n                                <\/h3>\r\n                                <div class=\"c-faqs__answer\" id=\"answer-4\" aria-labelledby=\"question-4\">\r\n                                    <div class=\"s-cms-content\">\r\n                                        <p>Para trabajar en Seguros Conf\u00ede, necesitar\u00e1s un documento de identificaci\u00f3n oficial (como INE, licencia de conducir o pasaporte mexicano), N\u00famero de Seguridad Social, RFC, CURP y comprobante de domicilio. De ser necesario, podemos orientarte para encontrar estos documentos.<\/p>\n                                    <\/div>\r\n                                <\/div>\r\n                            <\/div>\r\n                                                    \r\n                            <div class=\"c-faqs__item\">\r\n                                <h3 class=\"c-faqs__question\">\r\n                                    <button class=\"c-faqs__button\" type=\"button\" aria-expanded=\"false\" aria-controls=\"answer-5\" id=\"question-5\">\u00bfC\u00f3mo son los horarios de trabajo en Seguros Conf\u00ede? \u00bfExisten oportunidades de medio tiempo? <span class=\"o-icon c-faqs__icon\"><svg aria-hidden=\"true\" focusable=\"false\" role=\"img\"><use href=\"https:\/\/confiemx.com\/es\/wp-content\/themes\/confie\/assets\/html\/images\/icons\/icons.svg#icon-chevron-down-big\"><\/use><\/svg><\/span>\r\n                                    <\/button>\r\n                                <\/h3>\r\n                                <div class=\"c-faqs__answer\" id=\"answer-5\" aria-labelledby=\"question-5\">\r\n                                    <div class=\"s-cms-content\">\r\n                                        <p>En Seguros Conf\u00ede trabajamos con nuestros empleados ofreci\u00e9ndoles horarios flexibles y puestos de medio tiempo.<\/p>\n                                    <\/div>\r\n                                <\/div>\r\n                            <\/div>\r\n                                                    \r\n                            <div class=\"c-faqs__item\">\r\n                                <h3 class=\"c-faqs__question\">\r\n                                    <button class=\"c-faqs__button\" type=\"button\" aria-expanded=\"false\" aria-controls=\"answer-6\" id=\"question-6\">\u00bfCu\u00e1nto tiempo se tarda en recibir una respuesta a mi solicitud de empleo? <span class=\"o-icon c-faqs__icon\"><svg aria-hidden=\"true\" focusable=\"false\" role=\"img\"><use href=\"https:\/\/confiemx.com\/es\/wp-content\/themes\/confie\/assets\/html\/images\/icons\/icons.svg#icon-chevron-down-big\"><\/use><\/svg><\/span>\r\n                                    <\/button>\r\n                                <\/h3>\r\n                                <div class=\"c-faqs__answer\" id=\"answer-6\" aria-labelledby=\"question-6\">\r\n                                    <div class=\"s-cms-content\">\r\n                                        <p>Nos esforzamos por responder en un plazo m\u00e1ximo de 24 horas.<\/p>\n                                    <\/div>\r\n                                <\/div>\r\n                            <\/div>\r\n                                                    \r\n                            <div class=\"c-faqs__item\">\r\n                                <h3 class=\"c-faqs__question\">\r\n                                    <button class=\"c-faqs__button\" type=\"button\" aria-expanded=\"false\" aria-controls=\"answer-7\" id=\"question-7\">\u00bfQu\u00e9 puedo hacer si no puedo ponerme en contacto con ustedes por tel\u00e9fono? <span class=\"o-icon c-faqs__icon\"><svg aria-hidden=\"true\" focusable=\"false\" role=\"img\"><use href=\"https:\/\/confiemx.com\/es\/wp-content\/themes\/confie\/assets\/html\/images\/icons\/icons.svg#icon-chevron-down-big\"><\/use><\/svg><\/span>\r\n                                    <\/button>\r\n                                <\/h3>\r\n                                <div class=\"c-faqs__answer\" id=\"answer-7\" aria-labelledby=\"question-7\">\r\n                                    <div class=\"s-cms-content\">\r\n                                        <p>Env\u00edanos un mensaje a trav\u00e9s de nuestras redes sociales Facebook o Instagram. Siempre nos esforzamos por responder lo antes posible:<\/p>\n<p>Facebook: <a href=\"https:\/\/www.facebook.com\/confiesegurosmx\" target=\"_blank\" rel=\"noopener\">@confiesegurosmx<\/a><\/p>\n<p>Instagram: <a href=\"https:\/\/www.instagram.com\/segurosconfie\/\" target=\"_blank\" rel=\"noopener\">@segurosconfie<\/a><\/p>\n                                    <\/div>\r\n                                <\/div>\r\n                            <\/div>\r\n                                                    \r\n                            <div class=\"c-faqs__item\">\r\n                                <h3 class=\"c-faqs__question\">\r\n                                    <button class=\"c-faqs__button\" type=\"button\" aria-expanded=\"false\" aria-controls=\"answer-8\" id=\"question-8\">\u00bfPuedo pasar por sus oficinas sin cita previa? <span class=\"o-icon c-faqs__icon\"><svg aria-hidden=\"true\" focusable=\"false\" role=\"img\"><use href=\"https:\/\/confiemx.com\/es\/wp-content\/themes\/confie\/assets\/html\/images\/icons\/icons.svg#icon-chevron-down-big\"><\/use><\/svg><\/span>\r\n                                    <\/button>\r\n                                <\/h3>\r\n                                <div class=\"c-faqs__answer\" id=\"answer-8\" aria-labelledby=\"question-8\">\r\n                                    <div class=\"s-cms-content\">\r\n                                        <p>S\u00ed, \u00a1las visitas sin cita previa son bienvenidas en Seguros Conf\u00ede!<\/p>\n                                    <\/div>\r\n                                <\/div>\r\n                            <\/div>\r\n                                                    \r\n                            <div class=\"c-faqs__item\">\r\n                                <h3 class=\"c-faqs__question\">\r\n                                    <button class=\"c-faqs__button\" type=\"button\" aria-expanded=\"false\" aria-controls=\"answer-9\" id=\"question-9\">\u00bfAceptan reincorporaciones? <span class=\"o-icon c-faqs__icon\"><svg aria-hidden=\"true\" focusable=\"false\" role=\"img\"><use href=\"https:\/\/confiemx.com\/es\/wp-content\/themes\/confie\/assets\/html\/images\/icons\/icons.svg#icon-chevron-down-big\"><\/use><\/svg><\/span>\r\n                                    <\/button>\r\n                                <\/h3>\r\n                                <div class=\"c-faqs__answer\" id=\"answer-9\" aria-labelledby=\"question-9\">\r\n                                    <div class=\"s-cms-content\">\r\n                                        <p>S\u00ed, revisaremos tu solicitud si han pasado tres o m\u00e1s meses desde tu \u00faltimo d\u00eda trabajando con nosotros.<\/p>\n                                    <\/div>\r\n                                <\/div>\r\n                            <\/div>\r\n                                                    \r\n                            <div class=\"c-faqs__item\">\r\n                                <h3 class=\"c-faqs__question\">\r\n                                    <button class=\"c-faqs__button\" type=\"button\" aria-expanded=\"false\" aria-controls=\"answer-10\" id=\"question-10\">\u00bfEn qu\u00e9 consiste el trabajo? <span class=\"o-icon c-faqs__icon\"><svg aria-hidden=\"true\" focusable=\"false\" role=\"img\"><use href=\"https:\/\/confiemx.com\/es\/wp-content\/themes\/confie\/assets\/html\/images\/icons\/icons.svg#icon-chevron-down-big\"><\/use><\/svg><\/span>\r\n                                    <\/button>\r\n                                <\/h3>\r\n                                <div class=\"c-faqs__answer\" id=\"answer-10\" aria-labelledby=\"question-10\">\r\n                                    <div class=\"s-cms-content\">\r\n                                        <p>En Seguros Conf\u00ede, apoyamos varios procesos para nuestros clientes a trav\u00e9s de nuestros centros de contacto, como Atenci\u00f3n al Cliente, Procesamiento de Pedidos y Ventas. Tendr\u00e1s toda la formaci\u00f3n necesaria antes de empezar.<\/p>\n                                    <\/div>\r\n                                <\/div>\r\n                            <\/div>\r\n                                                    \r\n                            <div class=\"c-faqs__item\">\r\n                                <h3 class=\"c-faqs__question\">\r\n                                    <button class=\"c-faqs__button\" type=\"button\" aria-expanded=\"false\" aria-controls=\"answer-11\" id=\"question-11\">\u00bfCu\u00e1l es el horario de oficina? <span class=\"o-icon c-faqs__icon\"><svg aria-hidden=\"true\" focusable=\"false\" role=\"img\"><use href=\"https:\/\/confiemx.com\/es\/wp-content\/themes\/confie\/assets\/html\/images\/icons\/icons.svg#icon-chevron-down-big\"><\/use><\/svg><\/span>\r\n                                    <\/button>\r\n                                <\/h3>\r\n                                <div class=\"c-faqs__answer\" id=\"answer-11\" aria-labelledby=\"question-11\">\r\n                                    <div class=\"s-cms-content\">\r\n                                        <p>En Seguros Conf\u00ede, nuestro horario es de 8:00 am a 5:00 pm de lunes a viernes.<\/p>\n                                    <\/div>\r\n                                <\/div>\r\n                            <\/div>\r\n                                                    \r\n                            <div class=\"c-faqs__item\">\r\n                                <h3 class=\"c-faqs__question\">\r\n                                    <button class=\"c-faqs__button\" type=\"button\" aria-expanded=\"false\" aria-controls=\"answer-12\" id=\"question-12\">\u00bfTengo que haber nacido en M\u00e9xico para solicitarlo? <span class=\"o-icon c-faqs__icon\"><svg aria-hidden=\"true\" focusable=\"false\" role=\"img\"><use href=\"https:\/\/confiemx.com\/es\/wp-content\/themes\/confie\/assets\/html\/images\/icons\/icons.svg#icon-chevron-down-big\"><\/use><\/svg><\/span>\r\n                                    <\/button>\r\n                                <\/h3>\r\n                                <div class=\"c-faqs__answer\" id=\"answer-12\" aria-labelledby=\"question-12\">\r\n                                    <div class=\"s-cms-content\">\r\n                                        <p>No, puedes aplicar con nosotros si cuentas con un permiso de trabajo expedido por el gobierno mexicano.<\/p>\n                                    <\/div>\r\n                                <\/div>\r\n                            <\/div>\r\n                                                    \r\n                            <div class=\"c-faqs__item\">\r\n                                <h3 class=\"c-faqs__question\">\r\n                                    <button class=\"c-faqs__button\" type=\"button\" aria-expanded=\"false\" aria-controls=\"answer-13\" id=\"question-13\">\u00bfCu\u00e1l es el c\u00f3digo de vestimenta? <span class=\"o-icon c-faqs__icon\"><svg aria-hidden=\"true\" focusable=\"false\" role=\"img\"><use href=\"https:\/\/confiemx.com\/es\/wp-content\/themes\/confie\/assets\/html\/images\/icons\/icons.svg#icon-chevron-down-big\"><\/use><\/svg><\/span>\r\n                                    <\/button>\r\n                                <\/h3>\r\n                                <div class=\"c-faqs__answer\" id=\"answer-13\" aria-labelledby=\"question-13\">\r\n                                    <div class=\"s-cms-content\">\r\n                                        <p>El c\u00f3digo de vestimenta en Seguros Conf\u00ede es casual.<\/p>\n                                    <\/div>\r\n                                <\/div>\r\n                            <\/div>\r\n                                                    \r\n                            <div class=\"c-faqs__item\">\r\n                                <h3 class=\"c-faqs__question\">\r\n                                    <button class=\"c-faqs__button\" type=\"button\" aria-expanded=\"false\" aria-controls=\"answer-14\" id=\"question-14\">\u00bfLos empleados tienen vacaciones pagadas? <span class=\"o-icon c-faqs__icon\"><svg aria-hidden=\"true\" focusable=\"false\" role=\"img\"><use href=\"https:\/\/confiemx.com\/es\/wp-content\/themes\/confie\/assets\/html\/images\/icons\/icons.svg#icon-chevron-down-big\"><\/use><\/svg><\/span>\r\n                                    <\/button>\r\n                                <\/h3>\r\n                                <div class=\"c-faqs__answer\" id=\"answer-14\" aria-labelledby=\"question-14\">\r\n                                    <div class=\"s-cms-content\">\r\n                                        <p>S\u00ed. Los d\u00edas de vacaciones son acumulativos, por lo que cuanto m\u00e1s tiempo trabajes aqu\u00ed, m\u00e1s tiempo libre remunerado podr\u00e1s ganar. Por ejemplo, obtendr\u00e1s tres d\u00edas libres despu\u00e9s de un a\u00f1o de trabajo a tiempo completo. Despu\u00e9s de 4a\u00f1os, tendr\u00e1 7d\u00edas libres.<\/p>\n                                    <\/div>\r\n                                <\/div>\r\n                            <\/div>\r\n                                                    \r\n                            <div class=\"c-faqs__item\">\r\n                                <h3 class=\"c-faqs__question\">\r\n                                    <button class=\"c-faqs__button\" type=\"button\" aria-expanded=\"false\" aria-controls=\"answer-15\" id=\"question-15\">\u00bfHay eventos y actividades patrocinados por la empresa? <span class=\"o-icon c-faqs__icon\"><svg aria-hidden=\"true\" focusable=\"false\" role=\"img\"><use href=\"https:\/\/confiemx.com\/es\/wp-content\/themes\/confie\/assets\/html\/images\/icons\/icons.svg#icon-chevron-down-big\"><\/use><\/svg><\/span>\r\n                                    <\/button>\r\n                                <\/h3>\r\n                                <div class=\"c-faqs__answer\" id=\"answer-15\" aria-labelledby=\"question-15\">\r\n                                    <div class=\"s-cms-content\">\r\n                                        <p>Tenemos una gran variedad de eventos y actividades patrocinados por la empresa, tanto interna como externamente. Hay algo para todos los que quieran participar.<\/p>\n                                    <\/div>\r\n                                <\/div>\r\n                            <\/div>\r\n                                                    \r\n                            <div class=\"c-faqs__item\">\r\n                                <h3 class=\"c-faqs__question\">\r\n                                    <button class=\"c-faqs__button\" type=\"button\" aria-expanded=\"false\" aria-controls=\"answer-16\" id=\"question-16\">\u00bfCu\u00e1l es la cultura de la empresa?<span class=\"o-icon c-faqs__icon\"><svg aria-hidden=\"true\" focusable=\"false\" role=\"img\"><use href=\"https:\/\/confiemx.com\/es\/wp-content\/themes\/confie\/assets\/html\/images\/icons\/icons.svg#icon-chevron-down-big\"><\/use><\/svg><\/span>\r\n                                    <\/button>\r\n                                <\/h3>\r\n                                <div class=\"c-faqs__answer\" id=\"answer-16\" aria-labelledby=\"question-16\">\r\n                                    <div class=\"s-cms-content\">\r\n                                        <p>La cultura de nuestra empresa se centra en garantizar que nuestros empleados mantengan un equilibrio positivo entre el trabajo y la vida personal, al tiempo que disfrutan de oportunidades de promoci\u00f3n laboral y capacitaci\u00f3n. Practicamos los valores ICARE: Integridad, Compromiso, Responsabilidad, Respeto, Excelencia, as\u00ed como trabajo en equipo. Por encima de todo, en Seguros Conf\u00ede encontrar\u00e1s una familia solidaria y comprensiva.<\/p>\n                                    <\/div>\r\n                                <\/div>\r\n                            <\/div>\r\n                                                                                            \r\n                <\/div>\r\n            <\/div>\r\n        <\/div>\r\n    <\/div>\r\n<\/div>","protected":false},"excerpt":{"rendered":"","protected":false},"author":2,"featured_media":0,"parent":0,"menu_order":0,"comment_status":"closed","ping_status":"closed","template":"","meta":{"inline_featured_image":false,"footnotes":""},"class_list":["post-63","page","type-page","status-publish","hentry"],"acf":[],"_links":{"self":[{"href":"https:\/\/confiemx.com\/es\/wp-json\/wp\/v2\/pages\/63","targetHints":{"allow":["GET"]}}],"collection":[{"href":"https:\/\/confiemx.com\/es\/wp-json\/wp\/v2\/pages"}],"about":[{"href":"https:\/\/confiemx.com\/es\/wp-json\/wp\/v2\/types\/page"}],"author":[{"embeddable":true,"href":"https:\/\/confiemx.com\/es\/wp-json\/wp\/v2\/users\/2"}],"replies":[{"embeddable":true,"href":"https:\/\/confiemx.com\/es\/wp-json\/wp\/v2\/comments?post=63"}],"version-history":[{"count":4,"href":"https:\/\/confiemx.com\/es\/wp-json\/wp\/v2\/pages\/63\/revisions"}],"predecessor-version":[{"id":397,"href":"https:\/\/confiemx.com\/es\/wp-json\/wp\/v2\/pages\/63\/revisions\/397"}],"wp:attachment":[{"href":"https:\/\/confiemx.com\/es\/wp-json\/wp\/v2\/media?parent=63"}],"curies":[{"name":"wp","href":"https:\/\/api.w.org\/{rel}","templated":true}]}}