{"id":7,"date":"2026-01-27T19:39:36","date_gmt":"2026-01-28T00:39:36","guid":{"rendered":"https:\/\/confiemx.com\/es\/?page_id=7"},"modified":"2026-02-26T09:25:34","modified_gmt":"2026-02-26T14:25:34","slug":"inicio","status":"publish","type":"page","link":"https:\/\/confiemx.com\/es\/","title":{"rendered":"Inicio"},"content":{"rendered":"<div class=\"c-section \" id=\"general-mc-block_766a07beedf054d713d80958dbfd4c2b\">\r\n    <div class=\"o-wrapper o-wrapper--small\">\r\n                    <h2 class=\"c-section__title\">\u00danete a un lugar de trabajo estimulante y atractivo<\/h2>\r\n                            <div class=\"c-section__content\">\r\n                <div class=\"s-cms-content\"> \r\n                                                                                                                        <p style=\"text-align: center\">\u00bfQu\u00e9 nos diferencia de otras empresas? Estamos orgullosos de crear un <strong>ambiente de trabajo agradable y de apoyo<\/strong>. \u00a1Es as\u00ed como en el 2021 nos eligieron como el \u00ab<strong>Mejor Call Center de Tijuana<\/strong>\u00ab! Queremos que nuestros empleados tengan lo mejor:<\/p>\n                                                                                                <\/div>                            <div class=\"c-icon-list\">\r\n                                <ul class=\"o-list-bare c-icon-list__list\">\r\n                                                                                                                                                                    <li class=\"o-list-bare__item c-icon-list__item\">\r\n                                                <img decoding=\"async\" class=\"c-icon-list__icon\" loading=\"lazy\" src=\"https:\/\/confiemx.com\/es\/wp-content\/uploads\/2026\/02\/location.svg\" alt=\"\" aria-hidden=\"true\" width=\"80\" height=\"80\">\r\n                                                <div class=\"c-icon-list__text\">Excelente ubicaci\u00f3n<\/div>\r\n                                            <\/li>\r\n                                                                                                                                <li class=\"o-list-bare__item c-icon-list__item\">\r\n                                                <img decoding=\"async\" class=\"c-icon-list__icon\" loading=\"lazy\" src=\"https:\/\/confiemx.com\/es\/wp-content\/uploads\/2026\/02\/productivity.svg\" alt=\"\" aria-hidden=\"true\" width=\"80\" height=\"80\">\r\n                                                <div class=\"c-icon-list__text\">Pago semanal y bono de productividad<\/div>\r\n                                            <\/li>\r\n                                                                                                                                <li class=\"o-list-bare__item c-icon-list__item\">\r\n                                                <img decoding=\"async\" class=\"c-icon-list__icon\" loading=\"lazy\" src=\"https:\/\/confiemx.com\/es\/wp-content\/uploads\/2026\/02\/medical.svg\" alt=\"\" aria-hidden=\"true\" width=\"80\" height=\"80\">\r\n                                                <div class=\"c-icon-list__text\">Seguro m\u00e9dico privado<\/div>\r\n                                            <\/li>\r\n                                                                                                                                <li class=\"o-list-bare__item c-icon-list__item\">\r\n                                                <img decoding=\"async\" class=\"c-icon-list__icon\" loading=\"lazy\" src=\"https:\/\/confiemx.com\/es\/wp-content\/uploads\/2026\/02\/development.svg\" alt=\"\" aria-hidden=\"true\" width=\"80\" height=\"80\">\r\n                                                <div class=\"c-icon-list__text\">Desarrollo profesional<\/div>\r\n                                            <\/li>\r\n                                                                                                                                <li class=\"o-list-bare__item c-icon-list__item\">\r\n                                                <img decoding=\"async\" class=\"c-icon-list__icon\" loading=\"lazy\" src=\"https:\/\/confiemx.com\/es\/wp-content\/uploads\/2026\/02\/engagement.svg\" alt=\"\" aria-hidden=\"true\" width=\"80\" height=\"80\">\r\n                                                <div class=\"c-icon-list__text\">Actividades de integraci\u00f3n de los empleados<\/div>\r\n                                            <\/li>\r\n                                                                                                                                <li class=\"o-list-bare__item c-icon-list__item\">\r\n                                                <img decoding=\"async\" class=\"c-icon-list__icon\" loading=\"lazy\" src=\"https:\/\/confiemx.com\/es\/wp-content\/uploads\/2026\/02\/perks.svg\" alt=\"\" aria-hidden=\"true\" width=\"80\" height=\"80\">\r\n                                                <div class=\"c-icon-list__text\">Beneficios y descuentos<\/div>\r\n                                            <\/li>\r\n                                                                                                            <\/ul>\r\n                            <\/div>\r\n                                                                                                <div class=\"s-cms-content\">                            <h3 class=\"c-underline c-underline--green\">Entendemos que un gran lugar de trabajo significa contratar una comunidad vibrante y diversa.<\/h3>\r\n                                                                                                                            <p style=\"text-align: center\">Entendemos que quieres el tipo de trabajo que te ayudar\u00e1 a crear un futuro mejor para ti y tu familia. Estamos preparados para liberar todo tu potencial con una trayectoria profesional enriquecedora. D\u00e9janos ayudarte a crecer y a desarrollar un futuro brillante para ti y los tuyos.<\/p>\n                                                                            <\/div>\r\n                            <\/div>\r\n            <\/div>\r\n<\/div>\n\n<div class=\"c-section\">\r\n    <div class=\"o-wrapper\">\r\n                <div class=\"c-section__content\">\r\n            <div class=\"c-media-block c-media-block--left\">\r\n                <div class=\"c-media-block__content\">\r\n                    <div class=\"c-media-block-header\">\r\n                                                <div class=\"c-media-block-header__content\">\r\n                                                                                                                       \r\n                                    <h3 class=\"c-media-block-header__title c-media-block-header__title--blue\">Descubre las posibilidades<\/h3>\r\n                                 \r\n                                                    <\/div>\r\n                    <\/div>\r\n                    <div class=\"s-cms-content\">\r\n                                                                                                                                                                                <p>Estamos orgullosos de ofrecer el <strong>mejor ambiente de trabajo<\/strong> de su categor\u00eda. Esto es solo una muestra de lo que es trabajar con nosotros:<\/p>\n<ul>\n<li>Un espacio de trabajo <strong>colaborativo<\/strong> en el que trabajas como parte de un equipo muy unido.<\/li>\n<li><strong>Practicar tu ingl\u00e9s<\/strong> todos los d\u00edas, ya que es un requisito para ser parte de nuestra familia.<\/li>\n<li>Obtienes las <strong>recompensas<\/strong> que mereces por un rendimiento excepcional.<\/li>\n<li>Ofrecemos oportunidades de <strong>promoci\u00f3n laboral<\/strong>.<\/li>\n<li>Tus compa\u00f1eros y supervisores te tratar\u00e1n con el m\u00e1ximo <strong>respeto<\/strong>.<\/li>\n<\/ul>\n                                                                                                        <\/div>\r\n                                    <\/div>\r\n                <div class=\"c-media-block__media\">\r\n                                                                    <video  preload='none' class=\"c-media-block__video\" src=\"https:\/\/files.confiemx.com\/videos\/home-video.mp4\" poster=\"https:\/\/confiemx.com\/es\/wp-content\/uploads\/2026\/02\/video-poster-en.webp\" width=\"320\" height=\"215\" controls> <\/video>\r\n                                                                            <div class=\"c-media-block__video-controls\">\r\n                                <button class=\"c-button c-button--white c-media-block__video-control js-media-block-video-control is-selected\" type=\"button\" data-video-src=\"https:\/\/files.confiemx.com\/videos\/home-video.mp4\" data-video-poster=\"https:\/\/confiemx.com\/es\/wp-content\/uploads\/2026\/02\/video-poster-en.webp\" aria-label=\"Change to video in English\">Video <span>(English Version)<\/span>\r\n                                <\/button>\r\n                                                                <button class=\"c-button c-button--white c-media-block__video-control js-media-block-video-control\" type=\"button\" data-video-src=\"https:\/\/files.confiemx.com\/videos\/confiemx-spa-v2.mp4\" data-video-poster=\"\" aria-label=\"Change to video in Spanish\">Video <span>(Spanish Version)<\/span>\r\n                                <\/button>\r\n                            <\/div>\r\n                                                            <\/div>\r\n            <\/div>\r\n        <\/div>\r\n    <\/div>\r\n<\/div>\n\n<div class=\"c-section\">\r\n    <div class=\"o-wrapper\">\r\n                <div class=\"c-section__content\">\r\n            <div class=\"c-media-block c-media-block--right\">\r\n                <div class=\"c-media-block__content\">\r\n                    <div class=\"c-media-block-header\">\r\n                                                <div class=\"c-media-block-header__content\">\r\n                                                                                                                       \r\n                                    <h3 class=\"c-media-block-header__title c-media-block-header__title--orange\">La diferencia en Seguros Conf\u00ede<\/h3>\r\n                                 \r\n                                                    <\/div>\r\n                    <\/div>\r\n                    <div class=\"s-cms-content\">\r\n                                                                                                                                                                                <p>Queremos que te preocupes por tu trabajo, y por eso nos preocupamos por ti como persona y como empleado. Creemos que tienes mucho que ense\u00f1arnos, y siempre estamos dispuestos a ense\u00f1arte nuevas habilidades. Descubre la diferencia y <strong>programa tu entrevista hoy mismo<\/strong>.<\/p>\n                                                                                                        <\/div>\r\n                                                                                <\/div>\r\n                <div class=\"c-media-block__media\">\r\n                                                                    <picture class=\"c-media-block__picture\">\r\n                            <source media=\"(min-width: 700px)\" srcset=\"https:\/\/confiemx.com\/es\/wp-content\/uploads\/2026\/02\/1.Home-A2.webp 1x, https:\/\/confiemx.com\/es\/wp-content\/uploads\/2026\/02\/1.Home-A2.webp 2x\" type=\"image\/webp\">\r\n                            <img decoding=\"async\" class=\"c-media-block__img\" loading=\"lazy\" src=\"https:\/\/confiemx.com\/es\/wp-content\/uploads\/2026\/02\/1.Home-A2-mobile.webp\" alt=\"\" srcset=\"https:\/\/confiemx.com\/es\/wp-content\/uploads\/2026\/02\/1.Home-A2-mobile.webp 1x, https:\/\/confiemx.com\/es\/wp-content\/uploads\/2026\/02\/1.Home-A2-mobile.webp 2x\" width=\"320\" height=\"215\">\r\n                        <\/picture>\r\n                                    <\/div>\r\n            <\/div>\r\n        <\/div>\r\n    <\/div>\r\n<\/div>\n\n<div class=\"c-section\" id=\"featured-news-block_da3136c05ed598f432d4a9422ab3b975\">\r\n    <div class=\"o-wrapper\">\r\n                    <h2 class=\"c-section__title\">Noticias destacadas<\/h2>\r\n                <div class=\"c-section__content\">\r\n            <div class=\"c-blog-teaser-home\">\r\n                <ul class=\"o-list-bare c-blog-teaser-home__list\">\r\n                                            <li class=\"o-list-bare__item c-blog-teaser-home__item\">\r\n                                <a class=\"c-blog-teaser-home__img-link\" href=\"https:\/\/www.confiemx.com\/blog\/career-growth\/how-tijuanas-growing-economy-shaping-call-center-sales-job-market\/\">\r\n                                    <img decoding=\"async\" class=\"c-blog-teaser-home__img\" loading=\"lazy\" src=\"https:\/\/www.confiemx.com\/blog\/wp-content\/uploads\/sites\/2\/2025\/05\/confiemx-how-tijuanas-growing-economy-is-shaping-the-call-center-and-sales-job-market-5.jpg\" alt=\"A night view of the skyline of Tijuana - best call center jobs.\" srcset=\"https:\/\/www.confiemx.com\/blog\/wp-content\/uploads\/sites\/2\/2025\/05\/confiemx-how-tijuanas-growing-economy-is-shaping-the-call-center-and-sales-job-market-5.jpg 1x, https:\/\/www.confiemx.com\/blog\/wp-content\/uploads\/sites\/2\/2025\/05\/confiemx-how-tijuanas-growing-economy-is-shaping-the-call-center-and-sales-job-market-6.jpg 2x\" width=\"320\" height=\"240\">\r\n                                <\/a>\r\n                                <div class=\"c-blog-teaser-home__content\">\r\n                                    <time class=\"c-blog-teaser-home__date\" datetime=\"2025-05-05\">May 5, 2025<\/time>\r\n                                    <h3 class=\"c-blog-teaser-home__title\">How Tijuana&#8217;s Growing Economy Is Shaping the Call Center and Sales Job Market\u00a0<\/h3>\r\n                                    <a class=\"c-blog-teaser-home__button\" href=\"https:\/\/www.confiemx.com\/blog\/career-growth\/how-tijuanas-growing-economy-shaping-call-center-sales-job-market\/\">Read More <span class=\"u-hidden-visually\">How Tijuana&#8217;s Growing Economy Is Shaping the Call Center and Sales Job Market\u00a0<\/span>\r\n                                    <\/a>\r\n                                <\/div>\r\n                            <\/li>\r\n                                                        <li class=\"o-list-bare__item c-blog-teaser-home__item\">\r\n                                <a class=\"c-blog-teaser-home__img-link\" href=\"https:\/\/www.confiemx.com\/blog\/career-growth\/adapting-to-call-center-technology\/\">\r\n                                    <img decoding=\"async\" class=\"c-blog-teaser-home__img\" loading=\"lazy\" src=\"https:\/\/www.confiemx.com\/blog\/wp-content\/uploads\/sites\/2\/2025\/04\/confiemx-adapting-to-technological-advancements-5.jpg\" alt=\"Illustration of a call center agent using various forms of technology - best call center job in Tijuana.\" srcset=\"https:\/\/www.confiemx.com\/blog\/wp-content\/uploads\/sites\/2\/2025\/04\/confiemx-adapting-to-technological-advancements-5.jpg 1x, https:\/\/www.confiemx.com\/blog\/wp-content\/uploads\/sites\/2\/2025\/04\/confiemx-adapting-to-technological-advancements-6.jpg 2x\" width=\"320\" height=\"240\">\r\n                                <\/a>\r\n                                <div class=\"c-blog-teaser-home__content\">\r\n                                    <time class=\"c-blog-teaser-home__date\" datetime=\"2025-04-29\">Apr 29, 2025<\/time>\r\n                                    <h3 class=\"c-blog-teaser-home__title\">Adapting to Technological Advancements: Preparing Call Center Agents for the Future\u00a0<\/h3>\r\n                                    <a class=\"c-blog-teaser-home__button\" href=\"https:\/\/www.confiemx.com\/blog\/career-growth\/adapting-to-call-center-technology\/\">Read More <span class=\"u-hidden-visually\">Adapting to Technological Advancements: Preparing Call Center Agents for the Future\u00a0<\/span>\r\n                                    <\/a>\r\n                                <\/div>\r\n                            <\/li>\r\n                                                        <li class=\"o-list-bare__item c-blog-teaser-home__item\">\r\n                                <a class=\"c-blog-teaser-home__img-link\" href=\"https:\/\/www.confiemx.com\/blog\/best-practices-case-studies\/strategies-for-effective-time-management-in-high-volume-call-centers\/\">\r\n                                    <img decoding=\"async\" class=\"c-blog-teaser-home__img\" loading=\"lazy\" src=\"https:\/\/www.confiemx.com\/blog\/wp-content\/uploads\/sites\/2\/2025\/04\/Strategies-for-Effective-Time-Management-in-High-Volume-Call-Centers-376.jpg\" alt=\"tired business woman sleepy and bored from sitting at a desk for a long time and has office syndrome\" srcset=\"https:\/\/www.confiemx.com\/blog\/wp-content\/uploads\/sites\/2\/2025\/04\/Strategies-for-Effective-Time-Management-in-High-Volume-Call-Centers-376.jpg 1x, https:\/\/www.confiemx.com\/blog\/wp-content\/uploads\/sites\/2\/2025\/04\/Strategies-for-Effective-Time-Management-in-High-Volume-Call-Centers-376.jpg 2x\" width=\"320\" height=\"240\">\r\n                                <\/a>\r\n                                <div class=\"c-blog-teaser-home__content\">\r\n                                    <time class=\"c-blog-teaser-home__date\" datetime=\"2025-04-23\">Apr 23, 2025<\/time>\r\n                                    <h3 class=\"c-blog-teaser-home__title\">Strategies for Effective Time Management in High-Volume Call Centers\u00a0<\/h3>\r\n                                    <a class=\"c-blog-teaser-home__button\" href=\"https:\/\/www.confiemx.com\/blog\/best-practices-case-studies\/strategies-for-effective-time-management-in-high-volume-call-centers\/\">Read More <span class=\"u-hidden-visually\">Strategies for Effective Time Management in High-Volume Call Centers\u00a0<\/span>\r\n                                    <\/a>\r\n                                <\/div>\r\n                            <\/li>\r\n                                                        <li class=\"o-list-bare__item c-blog-teaser-home__item\">\r\n                                <a class=\"c-blog-teaser-home__img-link\" href=\"https:\/\/www.confiemx.com\/blog\/customer-experience\/emotional-resilience-for-call-center-agents\/\">\r\n                                    <img decoding=\"async\" class=\"c-blog-teaser-home__img\" loading=\"lazy\" src=\"https:\/\/www.confiemx.com\/blog\/wp-content\/uploads\/sites\/2\/2025\/04\/confiemx-developing-emotional-resilience-6.jpg\" alt=\"Professionals share thoughts and support during a challenging time - best call center in Tijuana.\" srcset=\"https:\/\/www.confiemx.com\/blog\/wp-content\/uploads\/sites\/2\/2025\/04\/confiemx-developing-emotional-resilience-6.jpg 1x, https:\/\/www.confiemx.com\/blog\/wp-content\/uploads\/sites\/2\/2025\/04\/confiemx-developing-emotional-resilience-5.jpg 2x\" width=\"320\" height=\"240\">\r\n                                <\/a>\r\n                                <div class=\"c-blog-teaser-home__content\">\r\n                                    <time class=\"c-blog-teaser-home__date\" datetime=\"2025-04-14\">Apr 14, 2025<\/time>\r\n                                    <h3 class=\"c-blog-teaser-home__title\">Developing Emotional Resilience: A Key Skill for Call Center Agents\u00a0<\/h3>\r\n                                    <a class=\"c-blog-teaser-home__button\" href=\"https:\/\/www.confiemx.com\/blog\/customer-experience\/emotional-resilience-for-call-center-agents\/\">Read More <span class=\"u-hidden-visually\">Developing Emotional Resilience: A Key Skill for Call Center Agents\u00a0<\/span>\r\n                                    <\/a>\r\n                                <\/div>\r\n                            <\/li>\r\n                                                        <li class=\"o-list-bare__item c-blog-teaser-home__item\">\r\n                                <a class=\"c-blog-teaser-home__img-link\" href=\"https:\/\/www.confiemx.com\/blog\/winning-culture\/myths-about-working-in-a-call-center\/\">\r\n                                    <img decoding=\"async\" class=\"c-blog-teaser-home__img\" loading=\"lazy\" src=\"https:\/\/www.confiemx.com\/blog\/wp-content\/uploads\/sites\/2\/2024\/11\/ConfieMX-debunking-common-myths-about-working-in-a-call-center-5.jpg\" alt=\"Smiling Hispanic call center worker.\" srcset=\"https:\/\/www.confiemx.com\/blog\/wp-content\/uploads\/sites\/2\/2024\/11\/ConfieMX-debunking-common-myths-about-working-in-a-call-center-5.jpg 1x, https:\/\/www.confiemx.com\/blog\/wp-content\/uploads\/sites\/2\/2024\/11\/ConfieMX-debunking-common-myths-about-working-in-a-call-center-6.jpg 2x\" width=\"320\" height=\"240\">\r\n                                <\/a>\r\n                                <div class=\"c-blog-teaser-home__content\">\r\n                                    <time class=\"c-blog-teaser-home__date\" datetime=\"2024-11-25\">Nov 25, 2024<\/time>\r\n                                    <h3 class=\"c-blog-teaser-home__title\">Debunking Common Myths About Working in a Call Center<\/h3>\r\n                                    <a class=\"c-blog-teaser-home__button\" href=\"https:\/\/www.confiemx.com\/blog\/winning-culture\/myths-about-working-in-a-call-center\/\">Read More <span class=\"u-hidden-visually\">Debunking Common Myths About Working in a Call Center<\/span>\r\n                                    <\/a>\r\n                                <\/div>\r\n                            <\/li>\r\n                                            <\/ul>\r\n            <\/div>\r\n                                        <div class=\"c-button__wrapper\">\r\n                <a class=\"c-button c-button--blue\" href=\"https:\/\/www.confiemx.com\/es\/blog\/\">Read More<span class=\"u-hidden-visually\">posts in our blog<\/span>\r\n                <\/a>\r\n            <\/div>\r\n                    <\/div>\r\n    <\/div>\r\n<\/div>\r\n\r\n\n\n<div class=\"c-section\" id=\"general-reviews-block_54ba8599beebedc2a5ddb48525c41c04\">\r\n    <div class=\"o-wrapper o-wrapper--small\">\r\n        <h2 class=\"c-section__title\">Reviews<\/h2>\r\n        <div class=\"c-section__content\">\r\n                        <div class=\"c-reviews\">\r\n                <div class=\"c-reviews__list\">\r\n                                                                                            <div class=\"c-reviews__item\">\r\n                            <a href=\"https:\/\/www.google.com\/maps\/place\/Confie\/@32.5240523,-117.0212113,18z\/data=!4m9!1m2!2m1!1sconfie+seguros!3m5!1s0x80d9484f6fac6fab:0xcb9e0ef1b6c23e8c!8m2!3d32.5240772!4d-117.0213628!15sCg5jb25maWUgc2VndXJvc5IBC2NhbGxfY2VudGVy\" target=\"_blank\" rel=\"noopener\">\r\n                                <img decoding=\"async\" class=\"c-reviews__img\" loading=\"lazy\" src=\"https:\/\/confiemx.com\/es\/wp-content\/uploads\/2026\/02\/google-rating-1.svg\" alt=\"\" width=\"288\" height=\"63\">\r\n                            <\/a>\r\n                        <\/div>\r\n                                                                        <div class=\"c-reviews__item\">\r\n                            <a href=\"https:\/\/www.facebook.com\/segurosconfiemx\/reviews\/\" target=\"_blank\" rel=\"noopener\">\r\n                                <img decoding=\"async\" class=\"c-reviews__img\" loading=\"lazy\" src=\"https:\/\/confiemx.com\/es\/wp-content\/uploads\/2026\/02\/fb.svg\" alt=\"\" width=\"288\" height=\"63\">\r\n                            <\/a>\r\n                        <\/div>\r\n                                                                \r\n                <\/div>\r\n            <\/div>\r\n        <\/div>\r\n    <\/div>\r\n<\/div>\n\n<div class=\"c-section\">\r\n    <div class=\"o-wrapper o-wrapper--small\">\r\n        <div class=\"c-section__content\">\r\n            <div class=\"c-cta c-cta--orange\">\r\n                <div class=\"c-cta__content\">\r\n                    <h2 class=\"c-cta__title c-underline \">Preguntas frecuentes<\/h2>\r\n                                        <div class=\"c-cta__text\">\r\n                        T\u00fa tienes preguntas. Nosotros tenemos las respuestas.                    <\/div>\r\n                                    <\/div>\r\n                                <div class=\"c-cta__button\">\r\n                    <a class=\"c-button c-button--blue\" href=\"https:\/\/www.confiemx.com\/es\/faq\/\">Ir a Preguntas Frecuentes<\/a>\r\n                <\/div>\r\n            <\/div>\r\n        <\/div>\r\n    <\/div>\r\n<\/div>","protected":false},"excerpt":{"rendered":"","protected":false},"author":2,"featured_media":0,"parent":0,"menu_order":0,"comment_status":"closed","ping_status":"closed","template":"template-parts\/home-mainsite.php","meta":{"inline_featured_image":false,"footnotes":""},"class_list":["post-7","page","type-page","status-publish","hentry"],"acf":[],"_links":{"self":[{"href":"https:\/\/confiemx.com\/es\/wp-json\/wp\/v2\/pages\/7","targetHints":{"allow":["GET"]}}],"collection":[{"href":"https:\/\/confiemx.com\/es\/wp-json\/wp\/v2\/pages"}],"about":[{"href":"https:\/\/confiemx.com\/es\/wp-json\/wp\/v2\/types\/page"}],"author":[{"embeddable":true,"href":"https:\/\/confiemx.com\/es\/wp-json\/wp\/v2\/users\/2"}],"replies":[{"embeddable":true,"href":"https:\/\/confiemx.com\/es\/wp-json\/wp\/v2\/comments?post=7"}],"version-history":[{"count":19,"href":"https:\/\/confiemx.com\/es\/wp-json\/wp\/v2\/pages\/7\/revisions"}],"predecessor-version":[{"id":344,"href":"https:\/\/confiemx.com\/es\/wp-json\/wp\/v2\/pages\/7\/revisions\/344"}],"wp:attachment":[{"href":"https:\/\/confiemx.com\/es\/wp-json\/wp\/v2\/media?parent=7"}],"curies":[{"name":"wp","href":"https:\/\/api.w.org\/{rel}","templated":true}]}}