{"id":72,"date":"2026-02-02T19:02:08","date_gmt":"2026-02-03T00:02:08","guid":{"rendered":"https:\/\/confiemx.com\/es\/?page_id=72"},"modified":"2026-03-25T14:44:07","modified_gmt":"2026-03-25T19:44:07","slug":"trabaja-con-nosotros","status":"publish","type":"page","link":"https:\/\/confiemx.com\/es\/trabaja-con-nosotros\/","title":{"rendered":"El Mejor Call Center en Tijuana"},"content":{"rendered":"<div class=\"c-hero-simple\" id=\"hero-simple-block_35758fae3b1104f9401b2f6953db096f\">\r\n    <div class=\"o-wrapper\">\r\n        <div class=\"c-hero-simple__content\">\r\n                        <h1 class=\"c-hero-simple__title\">El Mejor Call Center en Tijuana<\/h1>\r\n                                    <div class=\"c-hero-simple__text\">\r\n                <p> Trabaja con nosotros<\/p>\r\n            <\/div>\r\n                    <\/div>\r\n        <picture class=\"c-hero-simple__picture\">\r\n            <source media=\"(min-width: 700px)\" srcset=\"https:\/\/confiemx.com\/es\/wp-content\/uploads\/2026\/03\/9.WW-US-HEADER-desk-1.webp 1x, https:\/\/confiemx.com\/es\/wp-content\/uploads\/2026\/03\/9.WW-US-HEADER-desk-1@2x-scaled-1.webp 2x\" type=\"image\/webp\">\r\n            <img loading=\"lazy\" decoding=\"async\" class=\"c-hero-simple__img\" src=\"https:\/\/confiemx.com\/es\/wp-content\/uploads\/2026\/03\/9.WW-US-HEADER-mobile.webp\" alt=\"\" srcset=\"https:\/\/confiemx.com\/es\/wp-content\/uploads\/2026\/03\/9.WW-US-HEADER-mobile.webp 1x, https:\/\/confiemx.com\/es\/wp-content\/uploads\/2026\/03\/9.WW-US-HEADER-mobile.webp 2x\" width=\"360\" height=\"150\">\r\n        <\/picture>\r\n    <\/div>\r\n<\/div>\r\n\r\n\n\n\r\n        <div class=\"c-page-breadcrumb\" aria-label=\"Your location in the site\" role=\"navigation\">\r\n            <div class=\"o-wrapper\">\r\n            <ol class=\"o-list-bare c-page-breadcrumb__list\">\r\n                    <li class=\"o-list-bare__item c-page-breadcrumb__item\">\r\n        \r\n        \r\n        \r\n        <a href=\"https:\/\/confiemx.com\/es\/\" class=\"c-page-breadcrumb__link\" >Home<\/a>  <span class=\"o-icon c-page-breadcrumb__separator\"><svg aria-hidden=\"true\" focusable=\"false\" role=\"img\"><use href=\"https:\/\/confiemx.com\/es\/wp-content\/themes\/confie\/assets\/html\/images\/icons\/icons.svg#icon-chevron-right\"><\/use><\/svg><\/span> <li class=\"o-list-bare__item c-page-breadcrumb__item\"><a class=\"c-page-breadcrumb__link c-page-breadcrumb__link--current c-button-line-hover\" href=\"#\" aria-current=\"page\">P\u00e1gina<\/a><\/ol>\r\n        <\/div>\r\n    <\/div>\n\n<div class=\"c-section c-section--no-padding-bottom\" id=\"general-mc-block_24fabba38c7ae9b37ae3c6e4026aa9e1\">\r\n    <div class=\"o-wrapper o-wrapper--small\">\r\n                    <h2 class=\"c-section__title\">\u00a1Agenda una entrevista hoy!<\/h2>\r\n                            <div class=\"c-section__content\">\r\n                <div class=\"s-cms-content\"> \r\n                                                                                                                        <p>\u00bfEst\u00e1s listo para trabajar en un lugar incre\u00edble, con excelentes compa\u00f1eros y un sueldo competitivo? \u00bfSuena demasiado bueno para ser verdad? \u00a1Solo tienes que venir y <strong>comprobarlo por ti mismo<\/strong>!<\/p>\n                                                                            <\/div>\r\n                            <\/div>\r\n            <\/div>\r\n<\/div>\n\n<div class=\"c-section c-section--no-padding-bottom\">\r\n    <div class=\"o-wrapper o-wrapper--small\">\r\n        <div class=\"c-section__content\">\r\n                        <form class=\"c-form js-form\" method=\"post\" action=\"\/lp\/save.php\">\r\n                <input type=\"hidden\" name=\"recaptcha_response\" id=\"recaptchaResponse\">\r\n                <div class=\"c-form__item c-form__item--50\">\r\n                    <input class=\"c-form__input js-valid-first-name js-valid-letters\" type=\"text\" name=\"first_name\"\r\n                           data-message-required=\"Please enter your first name\" required aria-label=\"First Name\"\r\n                           placeholder=\"First Name\" maxlength=\"50\">\r\n                <\/div>\r\n                <div class=\"c-form__item c-form__item--50\">\r\n                    <input class=\"c-form__input js-valid-last-name js-valid-letters\" type=\"text\" name=\"last_name\"\r\n                           data-message-required=\"Please enter your last name\" required aria-label=\"Last Name\"\r\n                           placeholder=\"Last Name\" maxlength=\"50\">\r\n                <\/div>\r\n                <div class=\"c-form__item c-form__item--50\">\r\n                    <input class=\"c-form__input js-valid-email\" type=\"email\" name=\"email\"\r\n                           data-message-required=\"Please enter your email\" required aria-label=\"email\"\r\n                           placeholder=\"Email\" maxlength=\"120\">\r\n                <\/div>\r\n                <div class=\"c-form__item c-form__item--50\">\r\n                    <input class=\"c-form__input js-valid-phone-number js-only-phone\" type=\"tel\" name=\"phone\"\r\n                           data-message-required=\"Please enter your phone number\" required aria-label=\"Phone Number\"\r\n                           placeholder=\"Phone Number\" maxlength=\"12\">\r\n                <\/div>\r\n                <input type=\"hidden\" name=\"action\" value=\"work_with_us\">\r\n                <input type=\"hidden\" name=\"source_system\" value=\"Website\">\r\n                <div class=\"c-form__item\">\r\n                    \r\n                    <small>\r\n                    <b>Privacy Policy<\/b><br>\r\n                    I hereby consent that Seguros Confie may process my personal data, including the results of the various test modules, in the context of my application at Seguros Confie via the Harver Platform. See our <a href=\"https:\/\/confiemx.com\/es\/privacy-policy\/\" target=\"_blank\">privacy policy<\/a> for more information.\r\n                    <\/small><br><br>\r\n                    <small>\r\n                    <b>Cookies Consent<\/b><br>\r\n                    I hereby consent to the use of cookies to personalize my experience, save my preferences and to analyze website traffic. More information on the use of these cookies can be found in our <a href=\"https:\/\/confiemx.com\/es\/privacy-policy\/\" target=\"_blank\">privacy policy<\/a>.\r\n                    <\/small>\r\n                        \r\n                <\/div>\r\n                        \r\n                <div class=\"c-form__controls\">\r\n                    \r\n                    <button class=\"c-button c-button--orange\" type=\"submit\">Apply Now\r\n                        <img decoding=\"async\" class=\"c-button__loading\"\r\n                             src=\"https:\/\/confiemx.com\/es\/wp-content\/themes\/confie\/assets\/html\/images\/components\/form\/icon-loading.svg\"\r\n                             alt=\"Loading\">\r\n                    <\/button>\r\n                <\/div>\r\n                <input type=\"hidden\" name=\"url_ok\" value=\"https:\/\/www.confiemx.com\/thank-you\/\">\r\n                <input type=\"hidden\" name=\"media_code\" value=\"CONFMX-WW-WS-00006\">\r\n                            <\/form>\r\n        <\/div>\r\n    <\/div>\r\n<\/div>\n\n<div class=\"c-section \" id=\"general-mc-block_f62f6fd6a9cfb96cba13ee81c6325c68\">\r\n    <div class=\"o-wrapper o-wrapper--small\">\r\n                            <div class=\"c-section__content\">\r\n                <div class=\"s-cms-content\"> \r\n                                                                                                                        <h3 class=\"c-underline c-underline--green\">Para entender lo que Seguros Conf\u00ede significa para quienes trabajamos aqu\u00ed, \u00a1checa  <strong>lo que dicen algunos de nuestros compa\u00f1eros! <\/strong><\/h3>\r\n                                                                            <\/div>\r\n                            <\/div>\r\n            <\/div>\r\n<\/div>\n\n<div class=\"c-section\" id=\"general-testimony-block_f91f83e4c80817c93d909406f491075b\">\r\n    <div class=\"o-wrapper\">\r\n        <div class=\"c-section__content\">\r\n            <div class=\"c-testimony__list\">\r\n                                                        <div class=\"c-testimony c-testimony--green\">\r\n                        <div class=\"c-testimony__quote\">\r\n                            <div class=\"s-cms-content\">\r\n                                <p><em>Las oportunidades de crecimiento que he tenido son incre\u00edbles. Llegu\u00e9 como agente y m\u00e1s o menos un a\u00f1o y medio despu\u00e9s me convert\u00ed en Supervisor. El proceso fue r\u00e1pido, natural y sencillo.<\/em><\/p>\n    \r\n                            <\/div>\r\n                        <\/div>\r\n                        <div class=\"c-testimony-author\">\r\n                                                        <img decoding=\"async\" class=\"c-testimony-author__img\" loading=\"lazy\" src=\"https:\/\/confiemx.com\/es\/wp-content\/uploads\/2026\/03\/9.WW-US-Review-1.webp\" srcset=\"https:\/\/confiemx.com\/es\/wp-content\/uploads\/2026\/03\/9.WW-US-Review-1.webp 1x, https:\/\/confiemx.com\/es\/wp-content\/uploads\/2026\/03\/9.WW-US-Review-1@2x.webp 2x\" alt=\"\" width=\"70\" height=\"70\">\r\n                            <div class=\"c-testimony-author__content\">\r\n                                <div class=\"c-testimony-author__name\">Gissela L\u00f3pez<\/div>\r\n                                <div class=\"c-testimony-author__title\"> Especialista en Ventas                                <\/div>\r\n                            <\/div>\r\n                        <\/div>\r\n                    <\/div>\r\n                                        <div class=\"c-testimony c-testimony--yellow\">\r\n                        <div class=\"c-testimony__quote\">\r\n                            <div class=\"s-cms-content\">\r\n                                <p><em>Hay mucho apoyo, se hacen buenas amistades y cuando t\u00fa creces, los dem\u00e1s se inspiran a crecer tambi\u00e9n. Adem\u00e1s, nunca he recibido un \u201cno\u201d al dar mi opini\u00f3n; el equipo se apoya completamente, uno en el otro.\u00bb<\/em><\/p>\n    \r\n                            <\/div>\r\n                        <\/div>\r\n                        <div class=\"c-testimony-author\">\r\n                                                        <img decoding=\"async\" class=\"c-testimony-author__img\" loading=\"lazy\" src=\"https:\/\/confiemx.com\/es\/wp-content\/uploads\/2026\/03\/9.WW-US-Review-2.webp\" srcset=\"https:\/\/confiemx.com\/es\/wp-content\/uploads\/2026\/03\/9.WW-US-Review-2.webp 1x, https:\/\/confiemx.com\/es\/wp-content\/uploads\/2026\/03\/9.WW-US-Review-2@2x.webp 2x\" alt=\"\" width=\"70\" height=\"70\">\r\n                            <div class=\"c-testimony-author__content\">\r\n                                <div class=\"c-testimony-author__name\">\u00c1ngel Gutierrez<\/div>\r\n                                <div class=\"c-testimony-author__title\">Supervisor de Calidad                                <\/div>\r\n                            <\/div>\r\n                        <\/div>\r\n                    <\/div>\r\n                                        <div class=\"c-testimony c-testimony--red\">\r\n                        <div class=\"c-testimony__quote\">\r\n                            <div class=\"s-cms-content\">\r\n                                <p><em>Trabajar aqu\u00ed me cambi\u00f3 la vida. Los beneficios que he recibido me permitieron comprar una casa, invertir en mi educaci\u00f3n y formar una familia.<\/em><\/p>\n    \r\n                            <\/div>\r\n                        <\/div>\r\n                        <div class=\"c-testimony-author\">\r\n                                                        <img decoding=\"async\" class=\"c-testimony-author__img\" loading=\"lazy\" src=\"https:\/\/confiemx.com\/es\/wp-content\/uploads\/2026\/03\/9.WW-US-Review-3.webp\" srcset=\"https:\/\/confiemx.com\/es\/wp-content\/uploads\/2026\/03\/9.WW-US-Review-3.webp 1x, https:\/\/confiemx.com\/es\/wp-content\/uploads\/2026\/03\/9.WW-US-Review-3@2x.webp 2x\" alt=\"\" width=\"70\" height=\"70\">\r\n                            <div class=\"c-testimony-author__content\">\r\n                                <div class=\"c-testimony-author__name\">Alfredo Garc\u00eda<\/div>\r\n                                <div class=\"c-testimony-author__title\">Especialista en Servicio al Cliente                                <\/div>\r\n                            <\/div>\r\n                        <\/div>\r\n                    <\/div>\r\n                                        <div class=\"c-testimony c-testimony--blue\">\r\n                        <div class=\"c-testimony__quote\">\r\n                            <div class=\"s-cms-content\">\r\n                                <p><em>Algo que disfruto mucho de mi trabajo es conocer a muchas personas. Poder ayudarlas y que ellas me ayuden a m\u00ed. He sido muy afortunada por todo el apoyo que he recibido.<\/em><\/p>\n    \r\n                            <\/div>\r\n                        <\/div>\r\n                        <div class=\"c-testimony-author\">\r\n                                                        <img decoding=\"async\" class=\"c-testimony-author__img\" loading=\"lazy\" src=\"https:\/\/confiemx.com\/es\/wp-content\/uploads\/2026\/03\/9.WW-US-Review-4.webp\" srcset=\"https:\/\/confiemx.com\/es\/wp-content\/uploads\/2026\/03\/9.WW-US-Review-4.webp 1x, https:\/\/confiemx.com\/es\/wp-content\/uploads\/2026\/03\/9.WW-US-Review-4@2x.webp 2x\" alt=\"\" width=\"70\" height=\"70\">\r\n                            <div class=\"c-testimony-author__content\">\r\n                                <div class=\"c-testimony-author__name\">Diana Lara<\/div>\r\n                                <div class=\"c-testimony-author__title\"> Supervisora de Servicio al Cliente                                <\/div>\r\n                            <\/div>\r\n                        <\/div>\r\n                    <\/div>\r\n                                                <\/div>\r\n        <\/div>\r\n    <\/div>\r\n<\/div>\n\n<div class=\"c-section\">\r\n    <div class=\"o-wrapper o-wrapper--small\">\r\n        <div class=\"c-section__content\">\r\n            <div class=\"c-cta c-cta--orange\">\r\n                <div class=\"c-cta__content\">\r\n                    <h2 class=\"c-cta__title c-underline \">Preguntas Frecuentes<\/h2>\r\n                                        <div class=\"c-cta__text\">\r\n                         T\u00fa tienes preguntas. Nosotros tenemos respuestas.                    <\/div>\r\n                                    <\/div>\r\n                                <div class=\"c-cta__button\">\r\n                    <a class=\"c-button c-button--blue\" href=\"https:\/\/www.confiemx.com\/preguntas-frecuentes\/\"> Ir a Preguntas Frecuentes<\/a>\r\n                <\/div>\r\n            <\/div>\r\n        <\/div>\r\n    <\/div>\r\n<\/div>\n\n<div class=\"c-section c-section--no-padding-bottom\" id=\"general-mc-block_16c1af21f29d05724278fb91aba6226c\">\r\n    <div class=\"o-wrapper o-wrapper--small\">\r\n                            <div class=\"c-section__content\">\r\n                <div class=\"s-cms-content\"> \r\n                                                                                                                        <p style=\"text-align: left\">Pol\u00edtica de Privacidad para Solicitantes y Candidatos <a href=\"https:\/\/www.confiemx.com\/applicant-and-candidate-privacy-policy\/\">ENG<\/a> | <a href=\"https:\/\/www.confiemx.com\/aviso-de-privacidad-a-solicitantes-de-empleo\/\">SPA<\/a><\/p>\n                                                                            <\/div>\r\n                            <\/div>\r\n            <\/div>\r\n<\/div>","protected":false},"excerpt":{"rendered":"","protected":false},"author":2,"featured_media":0,"parent":0,"menu_order":0,"comment_status":"closed","ping_status":"closed","template":"","meta":{"inline_featured_image":false,"footnotes":""},"class_list":["post-72","page","type-page","status-publish","hentry"],"acf":[],"_links":{"self":[{"href":"https:\/\/confiemx.com\/es\/wp-json\/wp\/v2\/pages\/72","targetHints":{"allow":["GET"]}}],"collection":[{"href":"https:\/\/confiemx.com\/es\/wp-json\/wp\/v2\/pages"}],"about":[{"href":"https:\/\/confiemx.com\/es\/wp-json\/wp\/v2\/types\/page"}],"author":[{"embeddable":true,"href":"https:\/\/confiemx.com\/es\/wp-json\/wp\/v2\/users\/2"}],"replies":[{"embeddable":true,"href":"https:\/\/confiemx.com\/es\/wp-json\/wp\/v2\/comments?post=72"}],"version-history":[{"count":13,"href":"https:\/\/confiemx.com\/es\/wp-json\/wp\/v2\/pages\/72\/revisions"}],"predecessor-version":[{"id":438,"href":"https:\/\/confiemx.com\/es\/wp-json\/wp\/v2\/pages\/72\/revisions\/438"}],"wp:attachment":[{"href":"https:\/\/confiemx.com\/es\/wp-json\/wp\/v2\/media?parent=72"}],"curies":[{"name":"wp","href":"https:\/\/api.w.org\/{rel}","templated":true}]}}